{"id":777,"date":"2018-02-08T15:12:20","date_gmt":"2018-02-08T14:12:20","guid":{"rendered":"http:\/\/www.fondslabegorre.com\/?page_id=777"},"modified":"2018-06-18T17:57:24","modified_gmt":"2018-06-18T15:57:24","slug":"acquisition-doeuvres-dart-et-defiscalisation","status":"publish","type":"page","link":"https:\/\/fondslabegorre.com\/en\/acquisition-doeuvres-dart-et-defiscalisation\/","title":{"rendered":"Acquisition of artwork and tax exemption"},"content":{"rendered":"<p>Acqu\u00e9rir une \u0153uvre d&rsquo;art d&rsquo;un artiste vivant, pour vous ou pour votre entreprise, permet la constitution d&rsquo;un patrimoine et le soutien \u00e0 la cr\u00e9ation contemporaine.<br \/>\nLes \u0153uvres d&rsquo;art sont exon\u00e9r\u00e9es d&rsquo;imp\u00f4t sur la fortune. Disposition fiscale int\u00e9ressante pour les particuliers.<\/p>\n<p><strong>Quel avantage pour les entreprises ?<\/strong><br \/>\nAcqu\u00e9rir des \u0153uvres originales d&rsquo;artistes vivants et les exposer dans votre entreprise vous permet de b\u00e9n\u00e9ficier de d\u00e9ductions fiscales sur le r\u00e9sultat de l&rsquo;exercice d&rsquo;acquisition, et sur les quatre ann\u00e9es suivantes.<br \/>\nExemple : votre entreprise fait un chiffre d&rsquo;affaire annuel de 100 000 euros. A hauteur de 0.5 %, vous b\u00e9n\u00e9ficiez de 2 500 euros pour l&rsquo;achat d&rsquo;une \u0153uvre d&rsquo;art. Vous inscrivez en d\u00e9pense 500 euros d&rsquo;achat par an, pendant 5 ans.<br \/>\nCela diminuera le r\u00e9sultat de votre chiffre d&rsquo;affaire annuel et de votre imp\u00f4t.<br \/>\nLa d\u00e9duction fiscale effectu\u00e9e, par fractions \u00e9gales, au titre de chaque exercice, ne peut d\u00e9passer 0.5% du chiffre d&rsquo;affaire de votre soci\u00e9t\u00e9.<br \/>\nInscrivez cet achat en d\u00e9pense sur un compte de r\u00e9serve sp\u00e9cial lors de votre r\u00e9sultat annuel. La d\u00e9duction sera de 20% du prix d&rsquo;achat de l&rsquo;\u0153uvre pendant 5 ans.<br \/>\nEt exposez l&rsquo;\u0153uvre ou les \u0153uvres d&rsquo;art concern\u00e9es dans votre entreprise, le temps de la dur\u00e9e d&rsquo;amortissement, 5 ans, dans un lieu accessible aux salari\u00e9s.<br \/>\n<legende>(D&rsquo;apr\u00e8s l&rsquo;article 238bis AB du Code G\u00e9n\u00e9ral des Imp\u00f4ts)<\/legende>\n<p>&gt; <a href=\"https:\/\/fondslabegorre.com\/en\/oeuvres-disponibles\/\">Les \u0153uvres disponibles<\/a><\/p>","protected":false},"excerpt":{"rendered":"<p>Acqu\u00e9rir une \u0153uvre d&rsquo;art d&rsquo;un artiste vivant, pour vous ou pour votre entreprise, permet la constitution d&rsquo;un patrimoine et le soutien \u00e0 la cr\u00e9ation contemporaine. Les \u0153uvres d&rsquo;art sont exon\u00e9r\u00e9es d&rsquo;imp\u00f4t sur la fortune. Disposition fiscale int\u00e9ressante pour les particuliers. Quel avantage pour les entreprises ? Acqu\u00e9rir des \u0153uvres originales [&hellip;]<\/p>\n","protected":false},"author":1,"featured_media":0,"parent":0,"menu_order":0,"comment_status":"closed","ping_status":"closed","template":"","meta":{"inspiro_page_layout":"narrow","inspiro_hide_title":false,"footnotes":""},"class_list":["post-777","page","type-page","status-publish","hentry"],"yoast_head":"<!-- This site is optimized with the Yoast SEO plugin v27.4 - https:\/\/yoast.com\/product\/yoast-seo-wordpress\/ -->\n<title>Acquisition d\u2019\u0153uvres d&#039;art et d\u00e9fiscalisation - FONDS LABEGORRE<\/title>\n<meta name=\"robots\" content=\"index, follow, max-snippet:-1, max-image-preview:large, max-video-preview:-1\" \/>\n<link rel=\"canonical\" href=\"https:\/\/fondslabegorre.com\/en\/acquisition-doeuvres-dart-et-defiscalisation\/\" \/>\n<meta property=\"og:locale\" content=\"en_GB\" \/>\n<meta property=\"og:type\" content=\"article\" \/>\n<meta property=\"og:title\" content=\"Acquisition d\u2019\u0153uvres d&#039;art et d\u00e9fiscalisation - FONDS LABEGORRE\" \/>\n<meta property=\"og:description\" content=\"Acqu\u00e9rir une \u0153uvre d&rsquo;art d&rsquo;un artiste vivant, pour vous ou pour votre entreprise, permet la constitution d&rsquo;un patrimoine et le soutien \u00e0 la cr\u00e9ation contemporaine. Les \u0153uvres d&rsquo;art sont exon\u00e9r\u00e9es d&rsquo;imp\u00f4t sur la fortune. Disposition fiscale int\u00e9ressante pour les particuliers. Quel avantage pour les entreprises ? Acqu\u00e9rir des \u0153uvres originales [&hellip;]\" \/>\n<meta property=\"og:url\" content=\"https:\/\/fondslabegorre.com\/en\/acquisition-doeuvres-dart-et-defiscalisation\/\" \/>\n<meta property=\"og:site_name\" content=\"FONDS LABEGORRE\" \/>\n<meta property=\"article:publisher\" content=\"https:\/\/www.facebook.com\/Lab%c3%a9gorre-499811120066191\" \/>\n<meta property=\"article:modified_time\" content=\"2018-06-18T15:57:24+00:00\" \/>\n<meta name=\"twitter:card\" content=\"summary_large_image\" \/>\n<meta name=\"twitter:site\" content=\"@labegorre\" \/>\n<meta name=\"twitter:label1\" content=\"Estimated reading time\" \/>\n\t<meta name=\"twitter:data1\" content=\"1 minute\" \/>\n<script type=\"application\/ld+json\" class=\"yoast-schema-graph\">{\"@context\":\"https:\\\/\\\/schema.org\",\"@graph\":[{\"@type\":\"WebPage\",\"@id\":\"https:\\\/\\\/fondslabegorre.com\\\/acquisition-doeuvres-dart-et-defiscalisation\\\/\",\"url\":\"https:\\\/\\\/fondslabegorre.com\\\/acquisition-doeuvres-dart-et-defiscalisation\\\/\",\"name\":\"Acquisition d\u2019\u0153uvres d'art et d\u00e9fiscalisation - FONDS LABEGORRE\",\"isPartOf\":{\"@id\":\"https:\\\/\\\/fondslabegorre.com\\\/#website\"},\"datePublished\":\"2018-02-08T14:12:20+00:00\",\"dateModified\":\"2018-06-18T15:57:24+00:00\",\"breadcrumb\":{\"@id\":\"https:\\\/\\\/fondslabegorre.com\\\/acquisition-doeuvres-dart-et-defiscalisation\\\/#breadcrumb\"},\"inLanguage\":\"en-GB\",\"potentialAction\":[{\"@type\":\"ReadAction\",\"target\":[\"https:\\\/\\\/fondslabegorre.com\\\/acquisition-doeuvres-dart-et-defiscalisation\\\/\"]}]},{\"@type\":\"BreadcrumbList\",\"@id\":\"https:\\\/\\\/fondslabegorre.com\\\/acquisition-doeuvres-dart-et-defiscalisation\\\/#breadcrumb\",\"itemListElement\":[{\"@type\":\"ListItem\",\"position\":1,\"name\":\"Accueil\",\"item\":\"https:\\\/\\\/fondslabegorre.com\\\/\"},{\"@type\":\"ListItem\",\"position\":2,\"name\":\"Acquisition d\u2019\u0153uvres d&rsquo;art et d\u00e9fiscalisation\"}]},{\"@type\":\"WebSite\",\"@id\":\"https:\\\/\\\/fondslabegorre.com\\\/#website\",\"url\":\"https:\\\/\\\/fondslabegorre.com\\\/\",\"name\":\"FONDS LABEGORRE\",\"description\":\"\",\"publisher\":{\"@id\":\"https:\\\/\\\/fondslabegorre.com\\\/#organization\"},\"potentialAction\":[{\"@type\":\"SearchAction\",\"target\":{\"@type\":\"EntryPoint\",\"urlTemplate\":\"https:\\\/\\\/fondslabegorre.com\\\/?s={search_term_string}\"},\"query-input\":{\"@type\":\"PropertyValueSpecification\",\"valueRequired\":true,\"valueName\":\"search_term_string\"}}],\"inLanguage\":\"en-GB\"},{\"@type\":\"Organization\",\"@id\":\"https:\\\/\\\/fondslabegorre.com\\\/#organization\",\"name\":\"FONDS LABEGORRE\",\"url\":\"https:\\\/\\\/fondslabegorre.com\\\/\",\"logo\":{\"@type\":\"ImageObject\",\"inLanguage\":\"en-GB\",\"@id\":\"https:\\\/\\\/fondslabegorre.com\\\/#\\\/schema\\\/logo\\\/image\\\/\",\"url\":\"https:\\\/\\\/i0.wp.com\\\/fondslabegorre.com\\\/wp-content\\\/uploads\\\/2025\\\/02\\\/cropped-FONDS-LABEGORRE-BLANC.png?fit=1759%2C590&ssl=1\",\"contentUrl\":\"https:\\\/\\\/i0.wp.com\\\/fondslabegorre.com\\\/wp-content\\\/uploads\\\/2025\\\/02\\\/cropped-FONDS-LABEGORRE-BLANC.png?fit=1759%2C590&ssl=1\",\"width\":1759,\"height\":590,\"caption\":\"FONDS LABEGORRE\"},\"image\":{\"@id\":\"https:\\\/\\\/fondslabegorre.com\\\/#\\\/schema\\\/logo\\\/image\\\/\"},\"sameAs\":[\"https:\\\/\\\/www.facebook.com\\\/Lab\u00e9gorre-499811120066191\",\"https:\\\/\\\/x.com\\\/labegorre\",\"https:\\\/\\\/www.youtube.com\\\/channel\\\/UCUiXgyKhO6TTYK_BWBBAvPw\"]}]}<\/script>\n<!-- \/ Yoast SEO plugin. -->","yoast_head_json":{"title":"Acquisition d\u2019\u0153uvres d'art et d\u00e9fiscalisation - FONDS LABEGORRE","robots":{"index":"index","follow":"follow","max-snippet":"max-snippet:-1","max-image-preview":"max-image-preview:large","max-video-preview":"max-video-preview:-1"},"canonical":"https:\/\/fondslabegorre.com\/en\/acquisition-doeuvres-dart-et-defiscalisation\/","og_locale":"en_GB","og_type":"article","og_title":"Acquisition d\u2019\u0153uvres d'art et d\u00e9fiscalisation - FONDS LABEGORRE","og_description":"Acqu\u00e9rir une \u0153uvre d&rsquo;art d&rsquo;un artiste vivant, pour vous ou pour votre entreprise, permet la constitution d&rsquo;un patrimoine et le soutien \u00e0 la cr\u00e9ation contemporaine. Les \u0153uvres d&rsquo;art sont exon\u00e9r\u00e9es d&rsquo;imp\u00f4t sur la fortune. Disposition fiscale int\u00e9ressante pour les particuliers. Quel avantage pour les entreprises ? Acqu\u00e9rir des \u0153uvres originales [&hellip;]","og_url":"https:\/\/fondslabegorre.com\/en\/acquisition-doeuvres-dart-et-defiscalisation\/","og_site_name":"FONDS LABEGORRE","article_publisher":"https:\/\/www.facebook.com\/Lab%c3%a9gorre-499811120066191","article_modified_time":"2018-06-18T15:57:24+00:00","twitter_card":"summary_large_image","twitter_site":"@labegorre","twitter_misc":{"Estimated reading time":"1 minute"},"schema":{"@context":"https:\/\/schema.org","@graph":[{"@type":"WebPage","@id":"https:\/\/fondslabegorre.com\/acquisition-doeuvres-dart-et-defiscalisation\/","url":"https:\/\/fondslabegorre.com\/acquisition-doeuvres-dart-et-defiscalisation\/","name":"Acquisition d\u2019\u0153uvres d'art et d\u00e9fiscalisation - FONDS LABEGORRE","isPartOf":{"@id":"https:\/\/fondslabegorre.com\/#website"},"datePublished":"2018-02-08T14:12:20+00:00","dateModified":"2018-06-18T15:57:24+00:00","breadcrumb":{"@id":"https:\/\/fondslabegorre.com\/acquisition-doeuvres-dart-et-defiscalisation\/#breadcrumb"},"inLanguage":"en-GB","potentialAction":[{"@type":"ReadAction","target":["https:\/\/fondslabegorre.com\/acquisition-doeuvres-dart-et-defiscalisation\/"]}]},{"@type":"BreadcrumbList","@id":"https:\/\/fondslabegorre.com\/acquisition-doeuvres-dart-et-defiscalisation\/#breadcrumb","itemListElement":[{"@type":"ListItem","position":1,"name":"Accueil","item":"https:\/\/fondslabegorre.com\/"},{"@type":"ListItem","position":2,"name":"Acquisition d\u2019\u0153uvres d&rsquo;art et d\u00e9fiscalisation"}]},{"@type":"WebSite","@id":"https:\/\/fondslabegorre.com\/#website","url":"https:\/\/fondslabegorre.com\/","name":"FONDS LABEGORRE","description":"","publisher":{"@id":"https:\/\/fondslabegorre.com\/#organization"},"potentialAction":[{"@type":"SearchAction","target":{"@type":"EntryPoint","urlTemplate":"https:\/\/fondslabegorre.com\/?s={search_term_string}"},"query-input":{"@type":"PropertyValueSpecification","valueRequired":true,"valueName":"search_term_string"}}],"inLanguage":"en-GB"},{"@type":"Organization","@id":"https:\/\/fondslabegorre.com\/#organization","name":"FONDS LABEGORRE","url":"https:\/\/fondslabegorre.com\/","logo":{"@type":"ImageObject","inLanguage":"en-GB","@id":"https:\/\/fondslabegorre.com\/#\/schema\/logo\/image\/","url":"https:\/\/i0.wp.com\/fondslabegorre.com\/wp-content\/uploads\/2025\/02\/cropped-FONDS-LABEGORRE-BLANC.png?fit=1759%2C590&ssl=1","contentUrl":"https:\/\/i0.wp.com\/fondslabegorre.com\/wp-content\/uploads\/2025\/02\/cropped-FONDS-LABEGORRE-BLANC.png?fit=1759%2C590&ssl=1","width":1759,"height":590,"caption":"FONDS LABEGORRE"},"image":{"@id":"https:\/\/fondslabegorre.com\/#\/schema\/logo\/image\/"},"sameAs":["https:\/\/www.facebook.com\/Lab\u00e9gorre-499811120066191","https:\/\/x.com\/labegorre","https:\/\/www.youtube.com\/channel\/UCUiXgyKhO6TTYK_BWBBAvPw"]}]}},"jetpack_shortlink":"https:\/\/wp.me\/P9vHSk-cx","jetpack_sharing_enabled":true,"_links":{"self":[{"href":"https:\/\/fondslabegorre.com\/en\/wp-json\/wp\/v2\/pages\/777","targetHints":{"allow":["GET"]}}],"collection":[{"href":"https:\/\/fondslabegorre.com\/en\/wp-json\/wp\/v2\/pages"}],"about":[{"href":"https:\/\/fondslabegorre.com\/en\/wp-json\/wp\/v2\/types\/page"}],"author":[{"embeddable":true,"href":"https:\/\/fondslabegorre.com\/en\/wp-json\/wp\/v2\/users\/1"}],"replies":[{"embeddable":true,"href":"https:\/\/fondslabegorre.com\/en\/wp-json\/wp\/v2\/comments?post=777"}],"version-history":[{"count":11,"href":"https:\/\/fondslabegorre.com\/en\/wp-json\/wp\/v2\/pages\/777\/revisions"}],"predecessor-version":[{"id":2295,"href":"https:\/\/fondslabegorre.com\/en\/wp-json\/wp\/v2\/pages\/777\/revisions\/2295"}],"wp:attachment":[{"href":"https:\/\/fondslabegorre.com\/en\/wp-json\/wp\/v2\/media?parent=777"}],"curies":[{"name":"wp","href":"https:\/\/api.w.org\/{rel}","templated":true}]}}