{"id":581,"date":"2018-01-17T17:14:34","date_gmt":"2018-01-17T16:14:34","guid":{"rendered":"http:\/\/www.fondslabegorre.com\/?page_id=581"},"modified":"2025-03-24T18:22:32","modified_gmt":"2025-03-24T17:22:32","slug":"mentions-legales","status":"publish","type":"page","link":"https:\/\/fondslabegorre.com\/en\/mentions-legales\/","title":{"rendered":"Legal notice"},"content":{"rendered":"<p><span class=\"h6\">Responsable de la publication<\/span><br \/>\nFonds de dotation Lab\u00e9gorre<br \/>\nZA Laubian, 2 impasse de la Lande 40510 Seignosse<br \/>\n+33 6 45 34 94 89<br \/>\n<a href=\"mailto:contact@fondslabegorre.com\">contact@fondslabegorre.com<\/a><\/p>\n<p><span class=\"h6\">Adresse du site internet<\/span><br \/>\n<a href=\"https:\/\/fondslabegorre.com\/en\/\">https:\/\/fondslabegorre.com<\/a><\/p>\n<p><span class=\"h6\">H\u00e9bergement<\/span><br \/>\nNet Sample, Clapiers &#8211; <a href=\"https:\/\/www.netsample.com\" target=\"_blank\" rel=\"noopener\">www.netsample.com<\/a><\/p>\n<p><span class=\"h6\">D\u00e9veloppement et conception<\/span><br \/>\nPlantacom, Bordeaux \u2013 <a href=\"http:\/\/www.plantacom.fr\" target=\"_blank\" rel=\"noopener\">www.plantacom.fr<\/a><\/p>\n<p>En vous connectant au site du Fonds Lab\u00e9gorre vous acceptez sans r\u00e9serves les pr\u00e9sentes modalit\u00e9s. Toutes les informations publi\u00e9es ici le sont \u00e0 titre purement informatif et peuvent \u00eatre modifi\u00e9es. Toutes les photographies et les textes publi\u00e9s ici sont la propri\u00e9t\u00e9 du Fonds de dotation Lab\u00e9gorre. Toute reproduction totale ou partielle est interdite sans autorisation pr\u00e9alable des auteurs.<\/p>\n<hr \/>\n<h2>Le Fonds de dotation Serge Lab\u00e9gorre<\/h2>\n<p>Le Fonds de dotation Lab\u00e9gorre a \u00e9t\u00e9 d\u00e9clar\u00e9 le 3 mai 2012 en Pr\u00e9fecture des Landes (parution au Journal Officiel n\u00b0 39 du 29 septembre 2012 \u2013 annonce 1936).<br \/>\nStructure op\u00e9rationnelle, le site sur lequel il est implant\u00e9 a \u00e9t\u00e9 inaugur\u00e9 le 28 novembre 2014.<\/p>\n<p><span class=\"h6\">Objet du Fonds<\/span><br \/>\nSauvegarder, p\u00e9renniser, montrer et faire circuler en France et hors des fronti\u00e8res nationales, les \u0153uvres de Serge Lab\u00e9gorre, artiste peintre fran\u00e7ais, prot\u00e9ger son image et celle de ses travaux, recueillir et pr\u00e9server tout objet, texte, photo ou manuscrit relatif \u00e0 sa carri\u00e8re et \u00e0 sa vie, dans des conditions propres \u00e0 la meilleure mise en valeur de son \u0153uvre, par le biais :<br \/>\n\u2192 d\u2019organisation d\u2019expositions ponctuelles, actuelles ou r\u00e9trospectives, d\u00e9di\u00e9es \u00e0 cet artiste, mais aussi \u00e0 d\u2019autres artistes de m\u00eame engagement et investissement artistiques,<br \/>\n\u2192 d\u2019\u00e9tablissement possible d\u2019une exposition permanente, renouvel\u00e9e r\u00e9guli\u00e8rement en ce qui concerne les pi\u00e8ces et \u0153uvres d\u2019art la constituant, en un lieu \u00e9difi\u00e9 \u00e0 cet \u00e9gard, ou temporairement occup\u00e9 pour la circonstance, pouvant donner lieu \u00e0 un droit d\u2019entr\u00e9e pour la visite, au profit du Fonds de dotation Serge Lab\u00e9gorre,<br \/>\n\u2192 d\u2019acquisition de tout bien servant l\u2019objet du Fonds de dotation Serge Lab\u00e9gorre,<br \/>\n\u2192 de la vente de partie des biens du Fonds, sur d\u00e9cision de son Conseil d\u2019Administration, d\u00e8s l\u2019instant que celle-ci est n\u00e9cessaire \u00e0 son bon fonctionnement et sert son objet,<br \/>\n\u2192 de soutien \u00e0 toutes activit\u00e9s servant l\u2019objet du Fonds de dotation Serge Lab\u00e9gorre, voire d\u2019encadrement de ces activit\u00e9s,<br \/>\n\u2192 de cr\u00e9ation et d\u2019animation d\u2019un site internet d\u00e9di\u00e9 \u00e0 cet artiste et \u00e0 sa carri\u00e8re,<br \/>\n\u2192 de cr\u00e9ation, d\u00e9veloppement et animation de tous supports m\u00e9diatiques pouvant servir la renomm\u00e9e et la connaissance de cet artiste peintre et de son \u0153uvre,<br \/>\n\u2192 le cas \u00e9ch\u00e9ant, de cr\u00e9ation d\u2019emplois utiles au bon fonctionnement du Fonds de dotation Serge Lab\u00e9gorre.<\/p>\n<p><span class=\"h6\">Conseil d\u2019administration du Fonds de dotation Lab\u00e9gorre<\/span><br \/>\n<strong>Rosy Lab\u00e9gorre<\/strong>, pr\u00e9sidente d\u2019honneur<br \/>\n<strong>Francine Demichel<\/strong>, secr\u00e9taire g\u00e9n\u00e9rale<br \/>\n<strong>V\u00e9ronique Lab\u00e9gorre<\/strong>, secr\u00e9taire<br \/>\n<strong>Sophie Lab\u00e9gorre<\/strong>, pr\u00e9sidente<\/p>\n<p><strong>Jean-Fran\u00e7ois Moueix<\/strong>, soutien du projet depuis le d\u00e9but, est membre d\u2019honneur et bienfaiteur.<\/p>","protected":false},"excerpt":{"rendered":"<p>Responsable de la publication Fonds de dotation Lab\u00e9gorre ZA Laubian, 2 impasse de la Lande 40510 Seignosse +33 6 45 34 94 89 contact@fondslabegorre.com Adresse du site internet https:\/\/fondslabegorre.com H\u00e9bergement Net Sample, Clapiers &#8211; www.netsample.com D\u00e9veloppement et conception Plantacom, Bordeaux \u2013 www.plantacom.fr En vous connectant au site du Fonds Lab\u00e9gorre [&hellip;]<\/p>\n","protected":false},"author":1,"featured_media":17,"parent":0,"menu_order":0,"comment_status":"closed","ping_status":"closed","template":"","meta":{"inspiro_page_layout":"narrow","inspiro_hide_title":false,"footnotes":""},"class_list":["post-581","page","type-page","status-publish","has-post-thumbnail","hentry"],"yoast_head":"<!-- This site is optimized with the Yoast SEO plugin v27.4 - https:\/\/yoast.com\/product\/yoast-seo-wordpress\/ -->\n<title>Mentions l\u00e9gales - FONDS LABEGORRE<\/title>\n<meta name=\"robots\" content=\"index, follow, max-snippet:-1, max-image-preview:large, max-video-preview:-1\" \/>\n<link rel=\"canonical\" href=\"https:\/\/fondslabegorre.com\/en\/mentions-legales\/\" \/>\n<meta property=\"og:locale\" content=\"en_GB\" \/>\n<meta property=\"og:type\" content=\"article\" \/>\n<meta property=\"og:title\" content=\"Mentions l\u00e9gales - FONDS LABEGORRE\" \/>\n<meta property=\"og:description\" content=\"Responsable de la publication Fonds de dotation Lab\u00e9gorre ZA Laubian, 2 impasse de la Lande 40510 Seignosse +33 6 45 34 94 89 contact@fondslabegorre.com Adresse du site internet https:\/\/fondslabegorre.com H\u00e9bergement Net Sample, Clapiers &#8211; www.netsample.com D\u00e9veloppement et conception Plantacom, Bordeaux \u2013 www.plantacom.fr En vous connectant au site du Fonds Lab\u00e9gorre [&hellip;]\" \/>\n<meta property=\"og:url\" content=\"https:\/\/fondslabegorre.com\/en\/mentions-legales\/\" \/>\n<meta property=\"og:site_name\" content=\"FONDS LABEGORRE\" \/>\n<meta property=\"article:publisher\" content=\"https:\/\/www.facebook.com\/Lab%c3%a9gorre-499811120066191\" \/>\n<meta property=\"article:modified_time\" content=\"2025-03-24T17:22:32+00:00\" \/>\n<meta property=\"og:image\" content=\"https:\/\/fondslabegorre.com\/wp-content\/uploads\/2017\/12\/cropped-Le-trio-de-Menut-toile-de-Serge-Lab\u00e9gorre-de-2013-format-92-x-73-cm-1.jpg\" \/>\n\t<meta property=\"og:image:width\" content=\"2000\" \/>\n\t<meta property=\"og:image:height\" content=\"1199\" \/>\n\t<meta property=\"og:image:type\" content=\"image\/jpeg\" \/>\n<meta name=\"twitter:card\" content=\"summary_large_image\" \/>\n<meta name=\"twitter:site\" content=\"@labegorre\" \/>\n<meta name=\"twitter:label1\" content=\"Estimated reading time\" \/>\n\t<meta name=\"twitter:data1\" content=\"3 minutes\" \/>\n<script type=\"application\/ld+json\" class=\"yoast-schema-graph\">{\"@context\":\"https:\\\/\\\/schema.org\",\"@graph\":[{\"@type\":\"WebPage\",\"@id\":\"https:\\\/\\\/fondslabegorre.com\\\/mentions-legales\\\/\",\"url\":\"https:\\\/\\\/fondslabegorre.com\\\/mentions-legales\\\/\",\"name\":\"Mentions l\u00e9gales - FONDS LABEGORRE\",\"isPartOf\":{\"@id\":\"https:\\\/\\\/fondslabegorre.com\\\/#website\"},\"primaryImageOfPage\":{\"@id\":\"https:\\\/\\\/fondslabegorre.com\\\/mentions-legales\\\/#primaryimage\"},\"image\":{\"@id\":\"https:\\\/\\\/fondslabegorre.com\\\/mentions-legales\\\/#primaryimage\"},\"thumbnailUrl\":\"https:\\\/\\\/i0.wp.com\\\/fondslabegorre.com\\\/wp-content\\\/uploads\\\/2017\\\/12\\\/cropped-Le-trio-de-Menut-toile-de-Serge-Lab%C3%A9gorre-de-2013-format-92-x-73-cm-1.jpg?fit=2000%2C1199&ssl=1\",\"datePublished\":\"2018-01-17T16:14:34+00:00\",\"dateModified\":\"2025-03-24T17:22:32+00:00\",\"breadcrumb\":{\"@id\":\"https:\\\/\\\/fondslabegorre.com\\\/mentions-legales\\\/#breadcrumb\"},\"inLanguage\":\"en-GB\",\"potentialAction\":[{\"@type\":\"ReadAction\",\"target\":[\"https:\\\/\\\/fondslabegorre.com\\\/mentions-legales\\\/\"]}]},{\"@type\":\"ImageObject\",\"inLanguage\":\"en-GB\",\"@id\":\"https:\\\/\\\/fondslabegorre.com\\\/mentions-legales\\\/#primaryimage\",\"url\":\"https:\\\/\\\/i0.wp.com\\\/fondslabegorre.com\\\/wp-content\\\/uploads\\\/2017\\\/12\\\/cropped-Le-trio-de-Menut-toile-de-Serge-Lab%C3%A9gorre-de-2013-format-92-x-73-cm-1.jpg?fit=2000%2C1199&ssl=1\",\"contentUrl\":\"https:\\\/\\\/i0.wp.com\\\/fondslabegorre.com\\\/wp-content\\\/uploads\\\/2017\\\/12\\\/cropped-Le-trio-de-Menut-toile-de-Serge-Lab%C3%A9gorre-de-2013-format-92-x-73-cm-1.jpg?fit=2000%2C1199&ssl=1\",\"width\":2000,\"height\":1199},{\"@type\":\"BreadcrumbList\",\"@id\":\"https:\\\/\\\/fondslabegorre.com\\\/mentions-legales\\\/#breadcrumb\",\"itemListElement\":[{\"@type\":\"ListItem\",\"position\":1,\"name\":\"Accueil\",\"item\":\"https:\\\/\\\/fondslabegorre.com\\\/\"},{\"@type\":\"ListItem\",\"position\":2,\"name\":\"Mentions l\u00e9gales\"}]},{\"@type\":\"WebSite\",\"@id\":\"https:\\\/\\\/fondslabegorre.com\\\/#website\",\"url\":\"https:\\\/\\\/fondslabegorre.com\\\/\",\"name\":\"FONDS LABEGORRE\",\"description\":\"\",\"publisher\":{\"@id\":\"https:\\\/\\\/fondslabegorre.com\\\/#organization\"},\"potentialAction\":[{\"@type\":\"SearchAction\",\"target\":{\"@type\":\"EntryPoint\",\"urlTemplate\":\"https:\\\/\\\/fondslabegorre.com\\\/?s={search_term_string}\"},\"query-input\":{\"@type\":\"PropertyValueSpecification\",\"valueRequired\":true,\"valueName\":\"search_term_string\"}}],\"inLanguage\":\"en-GB\"},{\"@type\":\"Organization\",\"@id\":\"https:\\\/\\\/fondslabegorre.com\\\/#organization\",\"name\":\"FONDS LABEGORRE\",\"url\":\"https:\\\/\\\/fondslabegorre.com\\\/\",\"logo\":{\"@type\":\"ImageObject\",\"inLanguage\":\"en-GB\",\"@id\":\"https:\\\/\\\/fondslabegorre.com\\\/#\\\/schema\\\/logo\\\/image\\\/\",\"url\":\"https:\\\/\\\/i0.wp.com\\\/fondslabegorre.com\\\/wp-content\\\/uploads\\\/2025\\\/02\\\/cropped-FONDS-LABEGORRE-BLANC.png?fit=1759%2C590&ssl=1\",\"contentUrl\":\"https:\\\/\\\/i0.wp.com\\\/fondslabegorre.com\\\/wp-content\\\/uploads\\\/2025\\\/02\\\/cropped-FONDS-LABEGORRE-BLANC.png?fit=1759%2C590&ssl=1\",\"width\":1759,\"height\":590,\"caption\":\"FONDS LABEGORRE\"},\"image\":{\"@id\":\"https:\\\/\\\/fondslabegorre.com\\\/#\\\/schema\\\/logo\\\/image\\\/\"},\"sameAs\":[\"https:\\\/\\\/www.facebook.com\\\/Lab\u00e9gorre-499811120066191\",\"https:\\\/\\\/x.com\\\/labegorre\",\"https:\\\/\\\/www.youtube.com\\\/channel\\\/UCUiXgyKhO6TTYK_BWBBAvPw\"]}]}<\/script>\n<!-- \/ Yoast SEO plugin. -->","yoast_head_json":{"title":"Mentions l\u00e9gales - FONDS LABEGORRE","robots":{"index":"index","follow":"follow","max-snippet":"max-snippet:-1","max-image-preview":"max-image-preview:large","max-video-preview":"max-video-preview:-1"},"canonical":"https:\/\/fondslabegorre.com\/en\/mentions-legales\/","og_locale":"en_GB","og_type":"article","og_title":"Mentions l\u00e9gales - FONDS LABEGORRE","og_description":"Responsable de la publication Fonds de dotation Lab\u00e9gorre ZA Laubian, 2 impasse de la Lande 40510 Seignosse +33 6 45 34 94 89 contact@fondslabegorre.com Adresse du site internet https:\/\/fondslabegorre.com H\u00e9bergement Net Sample, Clapiers &#8211; www.netsample.com D\u00e9veloppement et conception Plantacom, Bordeaux \u2013 www.plantacom.fr En vous connectant au site du Fonds Lab\u00e9gorre [&hellip;]","og_url":"https:\/\/fondslabegorre.com\/en\/mentions-legales\/","og_site_name":"FONDS LABEGORRE","article_publisher":"https:\/\/www.facebook.com\/Lab%c3%a9gorre-499811120066191","article_modified_time":"2025-03-24T17:22:32+00:00","og_image":[{"width":2000,"height":1199,"url":"https:\/\/fondslabegorre.com\/wp-content\/uploads\/2017\/12\/cropped-Le-trio-de-Menut-toile-de-Serge-Lab\u00e9gorre-de-2013-format-92-x-73-cm-1.jpg","type":"image\/jpeg"}],"twitter_card":"summary_large_image","twitter_site":"@labegorre","twitter_misc":{"Estimated reading time":"3 minutes"},"schema":{"@context":"https:\/\/schema.org","@graph":[{"@type":"WebPage","@id":"https:\/\/fondslabegorre.com\/mentions-legales\/","url":"https:\/\/fondslabegorre.com\/mentions-legales\/","name":"Mentions l\u00e9gales - FONDS LABEGORRE","isPartOf":{"@id":"https:\/\/fondslabegorre.com\/#website"},"primaryImageOfPage":{"@id":"https:\/\/fondslabegorre.com\/mentions-legales\/#primaryimage"},"image":{"@id":"https:\/\/fondslabegorre.com\/mentions-legales\/#primaryimage"},"thumbnailUrl":"https:\/\/i0.wp.com\/fondslabegorre.com\/wp-content\/uploads\/2017\/12\/cropped-Le-trio-de-Menut-toile-de-Serge-Lab%C3%A9gorre-de-2013-format-92-x-73-cm-1.jpg?fit=2000%2C1199&ssl=1","datePublished":"2018-01-17T16:14:34+00:00","dateModified":"2025-03-24T17:22:32+00:00","breadcrumb":{"@id":"https:\/\/fondslabegorre.com\/mentions-legales\/#breadcrumb"},"inLanguage":"en-GB","potentialAction":[{"@type":"ReadAction","target":["https:\/\/fondslabegorre.com\/mentions-legales\/"]}]},{"@type":"ImageObject","inLanguage":"en-GB","@id":"https:\/\/fondslabegorre.com\/mentions-legales\/#primaryimage","url":"https:\/\/i0.wp.com\/fondslabegorre.com\/wp-content\/uploads\/2017\/12\/cropped-Le-trio-de-Menut-toile-de-Serge-Lab%C3%A9gorre-de-2013-format-92-x-73-cm-1.jpg?fit=2000%2C1199&ssl=1","contentUrl":"https:\/\/i0.wp.com\/fondslabegorre.com\/wp-content\/uploads\/2017\/12\/cropped-Le-trio-de-Menut-toile-de-Serge-Lab%C3%A9gorre-de-2013-format-92-x-73-cm-1.jpg?fit=2000%2C1199&ssl=1","width":2000,"height":1199},{"@type":"BreadcrumbList","@id":"https:\/\/fondslabegorre.com\/mentions-legales\/#breadcrumb","itemListElement":[{"@type":"ListItem","position":1,"name":"Accueil","item":"https:\/\/fondslabegorre.com\/"},{"@type":"ListItem","position":2,"name":"Mentions l\u00e9gales"}]},{"@type":"WebSite","@id":"https:\/\/fondslabegorre.com\/#website","url":"https:\/\/fondslabegorre.com\/","name":"FONDS LABEGORRE","description":"","publisher":{"@id":"https:\/\/fondslabegorre.com\/#organization"},"potentialAction":[{"@type":"SearchAction","target":{"@type":"EntryPoint","urlTemplate":"https:\/\/fondslabegorre.com\/?s={search_term_string}"},"query-input":{"@type":"PropertyValueSpecification","valueRequired":true,"valueName":"search_term_string"}}],"inLanguage":"en-GB"},{"@type":"Organization","@id":"https:\/\/fondslabegorre.com\/#organization","name":"FONDS LABEGORRE","url":"https:\/\/fondslabegorre.com\/","logo":{"@type":"ImageObject","inLanguage":"en-GB","@id":"https:\/\/fondslabegorre.com\/#\/schema\/logo\/image\/","url":"https:\/\/i0.wp.com\/fondslabegorre.com\/wp-content\/uploads\/2025\/02\/cropped-FONDS-LABEGORRE-BLANC.png?fit=1759%2C590&ssl=1","contentUrl":"https:\/\/i0.wp.com\/fondslabegorre.com\/wp-content\/uploads\/2025\/02\/cropped-FONDS-LABEGORRE-BLANC.png?fit=1759%2C590&ssl=1","width":1759,"height":590,"caption":"FONDS LABEGORRE"},"image":{"@id":"https:\/\/fondslabegorre.com\/#\/schema\/logo\/image\/"},"sameAs":["https:\/\/www.facebook.com\/Lab\u00e9gorre-499811120066191","https:\/\/x.com\/labegorre","https:\/\/www.youtube.com\/channel\/UCUiXgyKhO6TTYK_BWBBAvPw"]}]}},"jetpack_shortlink":"https:\/\/wp.me\/P9vHSk-9n","jetpack_sharing_enabled":false,"_links":{"self":[{"href":"https:\/\/fondslabegorre.com\/en\/wp-json\/wp\/v2\/pages\/581","targetHints":{"allow":["GET"]}}],"collection":[{"href":"https:\/\/fondslabegorre.com\/en\/wp-json\/wp\/v2\/pages"}],"about":[{"href":"https:\/\/fondslabegorre.com\/en\/wp-json\/wp\/v2\/types\/page"}],"author":[{"embeddable":true,"href":"https:\/\/fondslabegorre.com\/en\/wp-json\/wp\/v2\/users\/1"}],"replies":[{"embeddable":true,"href":"https:\/\/fondslabegorre.com\/en\/wp-json\/wp\/v2\/comments?post=581"}],"version-history":[{"count":14,"href":"https:\/\/fondslabegorre.com\/en\/wp-json\/wp\/v2\/pages\/581\/revisions"}],"predecessor-version":[{"id":11733,"href":"https:\/\/fondslabegorre.com\/en\/wp-json\/wp\/v2\/pages\/581\/revisions\/11733"}],"wp:featuredmedia":[{"embeddable":true,"href":"https:\/\/fondslabegorre.com\/en\/wp-json\/wp\/v2\/media\/17"}],"wp:attachment":[{"href":"https:\/\/fondslabegorre.com\/en\/wp-json\/wp\/v2\/media?parent=581"}],"curies":[{"name":"wp","href":"https:\/\/api.w.org\/{rel}","templated":true}]}}