{"id":492,"date":"2018-01-17T14:14:02","date_gmt":"2018-01-17T13:14:02","guid":{"rendered":"http:\/\/www.fondslabegorre.com\/?p=492"},"modified":"2025-04-08T14:38:00","modified_gmt":"2025-04-08T12:38:00","slug":"contact-coordonnees","status":"publish","type":"page","link":"https:\/\/fondslabegorre.com\/en\/contact-coordonnees\/","title":{"rendered":"Contact &#038; coordonn\u00e9es"},"content":{"rendered":"\t\t<div data-elementor-type=\"wp-page\" data-elementor-id=\"492\" class=\"elementor elementor-492\">\n\t\t\t\t<div class=\"elementor-element elementor-element-1c49481 e-flex e-con-boxed e-con e-parent\" data-id=\"1c49481\" data-element_type=\"container\" data-e-type=\"container\">\n\t\t\t\t\t<div class=\"e-con-inner\">\n\t\t\t\t<div class=\"elementor-element elementor-element-2e8d77f elementor-widget elementor-widget-heading\" data-id=\"2e8d77f\" data-element_type=\"widget\" data-e-type=\"widget\" data-widget_type=\"heading.default\">\n\t\t\t\t<div class=\"elementor-widget-container\">\n\t\t\t\t\t<h2 class=\"elementor-heading-title elementor-size-default\">Fonds Lab\u00e9gorre\nZouzou Petals, Galerie &amp; Restaurant<\/h2>\t\t\t\t<\/div>\n\t\t\t\t<\/div>\n\t\t\t\t<div class=\"elementor-element elementor-element-923f82b elementor-widget-divider--view-line elementor-widget elementor-widget-divider\" data-id=\"923f82b\" data-element_type=\"widget\" data-e-type=\"widget\" data-widget_type=\"divider.default\">\n\t\t\t\t<div class=\"elementor-widget-container\">\n\t\t\t\t\t\t\t<div class=\"elementor-divider\">\n\t\t\t<span class=\"elementor-divider-separator\">\n\t\t\t\t\t\t<\/span>\n\t\t<\/div>\n\t\t\t\t\t\t<\/div>\n\t\t\t\t<\/div>\n\t\t\t\t<div class=\"elementor-element elementor-element-2cac39be elementor-widget elementor-widget-text-editor\" data-id=\"2cac39be\" data-element_type=\"widget\" data-e-type=\"widget\" data-widget_type=\"text-editor.default\">\n\t\t\t\t<div class=\"elementor-widget-container\">\n\t\t\t\t\t\t\t\t\t<h3>ZA Laubian \u2013 2 impasse de la Lande<br \/>40510 Seignosse<\/h3><p><strong>Entr\u00e9e libre \u00e0 la galerie, toute l&rsquo;ann\u00e9e<\/strong><br \/><strong>Du lundi au vendredi de 9h \u00e0 17h30<\/strong><br \/><strong>Le samedi de 11h30 \u00e0 17h30<\/strong><br \/><em>Ferm\u00e9 le dimanche et les jours f\u00e9ri\u00e9s, sauf rendez-vous pour acquisition d&rsquo;oeuvres<\/em><\/p><h3><strong>Contacts :\u00a0<\/strong><\/h3><p>+33 6 45 34 94 89<br \/><a href=\"mailto:contact@fondslabegorre.com\">contact@fondslabegorre.com<\/a><\/p><p>\u00a0<\/p><p><img fetchpriority=\"high\" decoding=\"async\" data-attachment-id=\"11289\" data-permalink=\"https:\/\/fondslabegorre.com\/en\/bienvenue-sur-le-site-du-fonds-labegorre\/20250228_134702\/\" data-orig-file=\"https:\/\/i0.wp.com\/fondslabegorre.com\/wp-content\/uploads\/2025\/03\/20250228_134702-scaled.jpg?fit=2560%2C1920&amp;ssl=1\" data-orig-size=\"2560,1920\" data-comments-opened=\"0\" data-image-meta=\"{&quot;aperture&quot;:&quot;0&quot;,&quot;credit&quot;:&quot;&quot;,&quot;camera&quot;:&quot;&quot;,&quot;caption&quot;:&quot;&quot;,&quot;created_timestamp&quot;:&quot;0&quot;,&quot;copyright&quot;:&quot;&quot;,&quot;focal_length&quot;:&quot;0&quot;,&quot;iso&quot;:&quot;0&quot;,&quot;shutter_speed&quot;:&quot;0&quot;,&quot;title&quot;:&quot;&quot;,&quot;orientation&quot;:&quot;0&quot;}\" data-image-title=\"20250228_134702\" data-image-description=\"\" data-image-caption=\"\" data-large-file=\"https:\/\/i0.wp.com\/fondslabegorre.com\/wp-content\/uploads\/2025\/03\/20250228_134702-scaled.jpg?fit=930%2C698&amp;ssl=1\" data-recalc-dims=\"1\" class=\"aligncenter wp-image-11289 size-large\" src=\"https:\/\/i0.wp.com\/fondslabegorre.com\/wp-content\/uploads\/2025\/03\/20250228_134702.jpg?resize=930%2C698&#038;ssl=1\" alt=\"\" width=\"930\" height=\"698\" \/><\/p><h6>\u00a0<\/h6><h2>Acc\u00e8s<\/h2><p><iframe style=\"border: 0;\" src=\"https:\/\/www.google.com\/maps\/embed?pb=!1m14!1m8!1m3!1d23079.65189805221!2d-1.3903995!3d43.690668!3m2!1i1024!2i768!4f13.1!3m3!1m2!1s0xd515095f4f722b7%3A0x46e90ab27dc893be!2sZouzou+Petals!5e0!3m2!1sfr!2sfr!4v1516020264847\" width=\"600\" height=\"400\" frameborder=\"0\" allowfullscreen=\"allowfullscreen\"><\/iframe><\/p><p>La galerie d\u2019art du Fonds Lab\u00e9gorre se situe au sud du d\u00e9partement des Landes (40) et au centre du territoire MACS (Maremne Adour C\u00f4te-Sud) : Saint-Vincent-de-Tyrosse, Hossegor, Capbreton, Labenne, Soustons, Magescq, Tosse, Saint-Geours-de-Maremne, B\u00e9nesse-Maremne, Angresse, Saubion, Vieux-Boucau, Moliets-et-Maa, Messanges, Saubrigues, Sainte-Marie-de-Gosse, Saint-Martin-de-Hinx.<br \/>Bayonne et Dax \u00e0 moins de 35 minutes. Biarritz \u00e0 40 minutes. Bordeaux \u00e0 1h30.<br \/>Coordonn\u00e9es GPS : 43.6871307039167 \/ -1.3509106636047363<\/p>\t\t\t\t\t\t\t\t<\/div>\n\t\t\t\t<\/div>\n\t\t<div class=\"elementor-element elementor-element-a46291f e-con-full e-flex e-con e-child\" data-id=\"a46291f\" data-element_type=\"container\" data-e-type=\"container\">\n\t\t\t\t<div class=\"elementor-element elementor-element-79efdbf elementor-widget elementor-widget-heading\" data-id=\"79efdbf\" data-element_type=\"widget\" data-e-type=\"widget\" data-widget_type=\"heading.default\">\n\t\t\t\t<div class=\"elementor-widget-container\">\n\t\t\t\t\t<h2 class=\"elementor-heading-title elementor-size-default\">Inscrivez-vous \u00e0 notre newsletter<\/h2>\t\t\t\t<\/div>\n\t\t\t\t<\/div>\n\t\t\t\t<div class=\"elementor-element elementor-element-e130b0a elementor-widget-divider--view-line elementor-widget elementor-widget-divider\" data-id=\"e130b0a\" data-element_type=\"widget\" data-e-type=\"widget\" data-widget_type=\"divider.default\">\n\t\t\t\t<div class=\"elementor-widget-container\">\n\t\t\t\t\t\t\t<div class=\"elementor-divider\">\n\t\t\t<span class=\"elementor-divider-separator\">\n\t\t\t\t\t\t<\/span>\n\t\t<\/div>\n\t\t\t\t\t\t<\/div>\n\t\t\t\t<\/div>\n\t\t\t\t<\/div>\n\t\t\t\t<div class=\"elementor-element elementor-element-b90af15 elementor-widget elementor-widget-shortcode\" data-id=\"b90af15\" data-element_type=\"widget\" data-e-type=\"widget\" data-widget_type=\"shortcode.default\">\n\t\t\t\t<div class=\"elementor-widget-container\">\n\t\t\t\t\t\t\t<div class=\"elementor-shortcode\">\t\t\t\t\t<script type=\"text\/javascript\">\n\t\t\t\t\t\tvar gCaptchaSibWidget;\n                        var onloadSibCallbackInvisible = function () {\n\n                            var element = document.getElementsByClassName('sib-default-btn');\n                            var countInvisible = 0;\n                            var indexArray = [];\n                            jQuery('.sib-default-btn').each(function (index, el) {\n                                if ((jQuery(el).attr('id') == \"invisible\")) {\n                                    indexArray[countInvisible] = index;\n                                    countInvisible++\n                                }\n                            });\n\n                            jQuery('.invi-recaptcha').each(function (index, el) {\n                                grecaptcha.render(element[indexArray[index]], {\n                                    'sitekey': jQuery(el).attr('data-sitekey'),\n                                    'callback': sibVerifyCallback,\n                                });\n                            });\n                        };\n\t\t\t\t\t<\/script>\n\t\t\t\t\t                <script src=\"https:\/\/www.google.com\/recaptcha\/api.js?onload=onloadSibCallbackInvisible&render=explicit\" async defer><\/script>\n\t\t\t\t\n\t\t\t<form id=\"sib_signup_form_1\" method=\"post\" class=\"sib_signup_form\">\n\t\t\t\t<div class=\"sib_loader\" style=\"display:none;\"><img data-recalc-dims=\"1\"\n\t\t\t\t\t\t\tsrc=\"https:\/\/i0.wp.com\/fondslabegorre.com\/wp-includes\/images\/spinner.gif?w=930&#038;ssl=1\" alt=\"loader\"><\/div>\n\t\t\t\t<input type=\"hidden\" name=\"sib_form_action\" value=\"subscribe_form_submit\">\n\t\t\t\t<input type=\"hidden\" name=\"sib_form_id\" value=\"1\">\n                <input type=\"hidden\" name=\"sib_form_alert_notice\" value=\"Please fill out this field\">\n                <input type=\"hidden\" name=\"sib_form_invalid_email_notice\" value=\"Your email address is invalid\">\n                <input type=\"hidden\" name=\"sib_security\" value=\"aae2e55ffe\">\n\t\t\t\t<div class=\"sib_signup_box_inside_1\">\n\t\t\t\t\t<div style=\"\/*display:none*\/\" class=\"sib_msg_disp\">\n\t\t\t\t\t<\/div>\n                                            <div id=\"sib_captcha_invisible\" class=\"invi-recaptcha\" data-sitekey=\"6LdE6QwrAAAAALGqQiKOpi2qKAC3ZjrduA75acna\"><\/div>\n                    \t\t\t\t\t\r\n<p class=\"sib-email-area\">\r\n    Adresse Email*\r\n    <input type=\"email\" class=\"sib-email-area\" name=\"email\" required=\"required\">\r\n<\/p>\r\n<p class=\"sib-NAME-area\">\r\n    Name\r\n    <input type=\"text\" class=\"sib-NAME-area\" name=\"NAME\">\r\n<\/p>\r\n<p>\r\n    <input type=\"submit\" id=\"invisible\" class=\"sib-default-btn\" value=\"S'inscrire \u00e0 la newsletter\">\r\n<\/p>\r\n\t\t\t\t<\/div>\n\t\t\t<\/form>\n\t\t\t<style>\n\t\t\t\tform#sib_signup_form_1 { padding: 5px; -moz-box-sizing:border-box; -webkit-box-sizing: border-box; box-sizing: border-box; } form#sib_signup_form_1 input[type=text],form#sib_signup_form_1 input[type=email], form#sib_signup_form_1 select { width: 100%; border: 1px solid #bbb; height: auto; margin: 5px 0 0 0; } form#sib_signup_form_1 .sib-default-btn { margin: 5px 0; padding: 6px 12px; color:#fff; background-color: #333; border-color: #2E2E2E; font-size: 14px; font-weight:400; line-height: 1.4285; text-align: center; cursor: pointer; vertical-align: middle; -webkit-user-select:none; -moz-user-select:none; -ms-user-select:none; user-select:none; white-space: normal; border:1px solid transparent; border-radius: 3px; } form#sib_signup_form_1 .sib-default-btn:hover { background-color: #444; } form#sib_signup_form_1 p{ margin: 10px 0 0 0; }form#sib_signup_form_1 p.sib-alert-message {\n    padding: 6px 12px;\n    margin-bottom: 20px;\n    border: 1px solid transparent;\n    border-radius: 4px;\n    -webkit-box-sizing: border-box;\n    -moz-box-sizing: border-box;\n    box-sizing: border-box;\n}\nform#sib_signup_form_1 p.sib-alert-message-error {\n    background-color: #f2dede;\n    border-color: #ebccd1;\n    color: #a94442;\n}\nform#sib_signup_form_1 p.sib-alert-message-success {\n    background-color: #dff0d8;\n    border-color: #d6e9c6;\n    color: #3c763d;\n}\nform#sib_signup_form_1 p.sib-alert-message-warning {\n    background-color: #fcf8e3;\n    border-color: #faebcc;\n    color: #8a6d3b;\n}\n\t\t\t<\/style>\n\t\t\t<\/div>\n\t\t\t\t\t\t<\/div>\n\t\t\t\t<\/div>\n\t\t\t\t\t<\/div>\n\t\t\t\t<\/div>\n\t\t<div class=\"elementor-element elementor-element-bbfb79c e-flex e-con-boxed e-con e-parent\" data-id=\"bbfb79c\" data-element_type=\"container\" data-e-type=\"container\">\n\t\t\t\t\t<div class=\"e-con-inner\">\n\t\t<div class=\"elementor-element elementor-element-cc50394 e-con-full e-flex e-con e-child\" data-id=\"cc50394\" data-element_type=\"container\" data-e-type=\"container\">\n\t\t\t\t<div class=\"elementor-element elementor-element-e1c0573 elementor-widget elementor-widget-heading\" data-id=\"e1c0573\" data-element_type=\"widget\" data-e-type=\"widget\" data-widget_type=\"heading.default\">\n\t\t\t\t<div class=\"elementor-widget-container\">\n\t\t\t\t\t<h2 class=\"elementor-heading-title elementor-size-default\">\nLaissez nous un message sur ce formulaire<\/h2>\t\t\t\t<\/div>\n\t\t\t\t<\/div>\n\t\t\t\t<div class=\"elementor-element elementor-element-b0bba6f elementor-widget-divider--view-line elementor-widget elementor-widget-divider\" data-id=\"b0bba6f\" data-element_type=\"widget\" data-e-type=\"widget\" data-widget_type=\"divider.default\">\n\t\t\t\t<div class=\"elementor-widget-container\">\n\t\t\t\t\t\t\t<div class=\"elementor-divider\">\n\t\t\t<span class=\"elementor-divider-separator\">\n\t\t\t\t\t\t<\/span>\n\t\t<\/div>\n\t\t\t\t\t\t<\/div>\n\t\t\t\t<\/div>\n\t\t\t\t<\/div>\n\t\t\t\t<div class=\"elementor-element elementor-element-d024d86 elementor-widget elementor-widget-shortcode\" data-id=\"d024d86\" data-element_type=\"widget\" data-e-type=\"widget\" data-widget_type=\"shortcode.default\">\n\t\t\t\t<div class=\"elementor-widget-container\">\n\t\t\t\t\t\t\t<div class=\"elementor-shortcode\">\n<div class=\"wpcf7 no-js\" id=\"wpcf7-f11601-o1\" lang=\"fr-FR\" dir=\"ltr\" data-wpcf7-id=\"11601\">\n<div class=\"screen-reader-response\"><p role=\"status\" aria-live=\"polite\" aria-atomic=\"true\"><\/p> <ul><\/ul><\/div>\n<form action=\"\/en\/wp-json\/wp\/v2\/pages\/492#wpcf7-f11601-o1\" method=\"post\" class=\"wpcf7-form init\" aria-label=\"Formulaire de contact\" novalidate=\"novalidate\" data-status=\"init\">\n<fieldset class=\"hidden-fields-container\"><input type=\"hidden\" name=\"_wpcf7\" value=\"11601\" \/><input type=\"hidden\" name=\"_wpcf7_version\" value=\"6.1.5\" \/><input type=\"hidden\" name=\"_wpcf7_locale\" value=\"fr_FR\" \/><input type=\"hidden\" name=\"_wpcf7_unit_tag\" value=\"wpcf7-f11601-o1\" \/><input type=\"hidden\" name=\"_wpcf7_container_post\" value=\"0\" \/><input type=\"hidden\" name=\"_wpcf7_posted_data_hash\" value=\"\" \/><input type=\"hidden\" name=\"_wpcf7_recaptcha_response\" value=\"\" \/>\n<\/fieldset>\n<p><label> Votre nom<br \/>\n<span class=\"wpcf7-form-control-wrap\" data-name=\"your-name\"><input size=\"40\" maxlength=\"400\" class=\"wpcf7-form-control wpcf7-text wpcf7-validates-as-required\" autocomplete=\"name\" aria-required=\"true\" aria-invalid=\"false\" value=\"\" type=\"text\" name=\"your-name\" \/><\/span> <\/label>\n<\/p>\n<p><label> Votre e-mail<br \/>\n<span class=\"wpcf7-form-control-wrap\" data-name=\"your-email\"><input size=\"40\" maxlength=\"400\" class=\"wpcf7-form-control wpcf7-email wpcf7-validates-as-required wpcf7-text wpcf7-validates-as-email\" autocomplete=\"email\" aria-required=\"true\" aria-invalid=\"false\" value=\"\" type=\"email\" name=\"your-email\" \/><\/span> <\/label>\n<\/p>\n<p><label> Objet<br \/>\n<span class=\"wpcf7-form-control-wrap\" data-name=\"your-subject\"><input size=\"40\" maxlength=\"400\" class=\"wpcf7-form-control wpcf7-text wpcf7-validates-as-required\" aria-required=\"true\" aria-invalid=\"false\" value=\"\" type=\"text\" name=\"your-subject\" \/><\/span> <\/label>\n<\/p>\n<p><label> Votre message (facultatif)<br \/>\n<span class=\"wpcf7-form-control-wrap\" data-name=\"your-message\"><textarea cols=\"40\" rows=\"10\" maxlength=\"2000\" class=\"wpcf7-form-control wpcf7-textarea\" aria-invalid=\"false\" name=\"your-message\"><\/textarea><\/span> <\/label>\n<\/p>\n<p><input class=\"wpcf7-form-control wpcf7-submit has-spinner\" type=\"submit\" value=\"Envoyer\" \/>\n<\/p>\n<p>Ce formulaire utilise Akismet pour r\u00e9duire le courrier ind\u00e9sirable. <a target=\"_blank\" rel=\"nofollow noopener\" href=\"https:\/\/akismet.com\/privacy\/\">D\u00e9couvrez comment vos donn\u00e9es sont trait\u00e9es.<\/a>\n<\/p><p style=\"display: none !important;\" class=\"akismet-fields-container\" data-prefix=\"_wpcf7_ak_\"><label>&#916;<textarea name=\"_wpcf7_ak_hp_textarea\" cols=\"45\" rows=\"8\" maxlength=\"100\"><\/textarea><\/label><input type=\"hidden\" id=\"ak_js_1\" name=\"_wpcf7_ak_js\" value=\"201\"\/><script>document.getElementById( \"ak_js_1\" ).setAttribute( \"value\", ( new Date() ).getTime() );<\/script><\/p><div class=\"wpcf7-response-output\" aria-hidden=\"true\"><\/div>\n<\/form>\n<\/div>\n<\/div>\n\t\t\t\t\t\t<\/div>\n\t\t\t\t<\/div>\n\t\t\t\t\t<\/div>\n\t\t\t\t<\/div>\n\t\t\t\t<\/div>\n\t\t","protected":false},"excerpt":{"rendered":"<p>Fonds Lab\u00e9gorre Zouzou Petals, Galerie &#038; Restaurant ZA Laubian \u2013 2 impasse de la Lande40510 Seignosse Entr\u00e9e libre \u00e0 la galerie, toute l&rsquo;ann\u00e9eDu lundi au vendredi de 9h \u00e0 17h30Le samedi de 11h30 \u00e0 17h30Ferm\u00e9 le dimanche et les jours f\u00e9ri\u00e9s, sauf rendez-vous pour acquisition d&rsquo;oeuvres Contacts :\u00a0 +33 6 [&hellip;]<\/p>\n","protected":false},"author":1,"featured_media":11175,"parent":0,"menu_order":5,"comment_status":"closed","ping_status":"closed","template":"","meta":{"inspiro_page_layout":"narrow","inspiro_hide_title":false,"footnotes":""},"class_list":["post-492","page","type-page","status-publish","has-post-thumbnail","hentry"],"yoast_head":"<!-- This site is optimized with the Yoast SEO plugin v27.4 - https:\/\/yoast.com\/product\/yoast-seo-wordpress\/ -->\n<title>Contact &amp; coordonn\u00e9es - FONDS LABEGORRE<\/title>\n<meta name=\"description\" content=\"Fonds Lab\u00e9gorre - ZA Laubian \u2013 2 impasse de la Lande 40510 Seignosse +33 6 45 34 94 89 contact@fondslabegorre.com\" \/>\n<meta name=\"robots\" content=\"index, follow, max-snippet:-1, max-image-preview:large, max-video-preview:-1\" \/>\n<link rel=\"canonical\" href=\"https:\/\/fondslabegorre.com\/en\/contact-coordonnees\/\" \/>\n<meta property=\"og:locale\" content=\"en_GB\" \/>\n<meta property=\"og:type\" content=\"article\" \/>\n<meta property=\"og:title\" content=\"Contact &amp; coordonn\u00e9es - FONDS LABEGORRE\" \/>\n<meta property=\"og:description\" content=\"Fonds Lab\u00e9gorre - ZA Laubian \u2013 2 impasse de la Lande 40510 Seignosse +33 6 45 34 94 89 contact@fondslabegorre.com\" \/>\n<meta property=\"og:url\" content=\"https:\/\/fondslabegorre.com\/en\/contact-coordonnees\/\" \/>\n<meta property=\"og:site_name\" content=\"FONDS LABEGORRE\" \/>\n<meta property=\"article:publisher\" content=\"https:\/\/www.facebook.com\/Lab%c3%a9gorre-499811120066191\" \/>\n<meta property=\"article:modified_time\" content=\"2025-04-08T12:38:00+00:00\" \/>\n<meta property=\"og:image\" content=\"https:\/\/fondslabegorre.com\/wp-content\/uploads\/2025\/02\/DSC4995-min-scaled.jpg\" \/>\n\t<meta property=\"og:image:width\" content=\"2560\" \/>\n\t<meta property=\"og:image:height\" content=\"1707\" \/>\n\t<meta property=\"og:image:type\" content=\"image\/jpeg\" \/>\n<meta name=\"twitter:card\" content=\"summary_large_image\" \/>\n<meta name=\"twitter:site\" content=\"@labegorre\" \/>\n<meta name=\"twitter:label1\" content=\"Estimated reading time\" \/>\n\t<meta name=\"twitter:data1\" content=\"1 minute\" \/>\n<script type=\"application\/ld+json\" class=\"yoast-schema-graph\">{\"@context\":\"https:\\\/\\\/schema.org\",\"@graph\":[{\"@type\":\"WebPage\",\"@id\":\"https:\\\/\\\/fondslabegorre.com\\\/contact-coordonnees\\\/\",\"url\":\"https:\\\/\\\/fondslabegorre.com\\\/contact-coordonnees\\\/\",\"name\":\"Contact & coordonn\u00e9es - FONDS LABEGORRE\",\"isPartOf\":{\"@id\":\"https:\\\/\\\/fondslabegorre.com\\\/#website\"},\"primaryImageOfPage\":{\"@id\":\"https:\\\/\\\/fondslabegorre.com\\\/contact-coordonnees\\\/#primaryimage\"},\"image\":{\"@id\":\"https:\\\/\\\/fondslabegorre.com\\\/contact-coordonnees\\\/#primaryimage\"},\"thumbnailUrl\":\"https:\\\/\\\/i0.wp.com\\\/fondslabegorre.com\\\/wp-content\\\/uploads\\\/2025\\\/02\\\/DSC4995-min-scaled.jpg?fit=2560%2C1707&ssl=1\",\"datePublished\":\"2018-01-17T13:14:02+00:00\",\"dateModified\":\"2025-04-08T12:38:00+00:00\",\"description\":\"Fonds Lab\u00e9gorre - ZA Laubian \u2013 2 impasse de la Lande 40510 Seignosse +33 6 45 34 94 89 contact@fondslabegorre.com\",\"breadcrumb\":{\"@id\":\"https:\\\/\\\/fondslabegorre.com\\\/contact-coordonnees\\\/#breadcrumb\"},\"inLanguage\":\"en-GB\",\"potentialAction\":[{\"@type\":\"ReadAction\",\"target\":[\"https:\\\/\\\/fondslabegorre.com\\\/contact-coordonnees\\\/\"]}]},{\"@type\":\"ImageObject\",\"inLanguage\":\"en-GB\",\"@id\":\"https:\\\/\\\/fondslabegorre.com\\\/contact-coordonnees\\\/#primaryimage\",\"url\":\"https:\\\/\\\/i0.wp.com\\\/fondslabegorre.com\\\/wp-content\\\/uploads\\\/2025\\\/02\\\/DSC4995-min-scaled.jpg?fit=2560%2C1707&ssl=1\",\"contentUrl\":\"https:\\\/\\\/i0.wp.com\\\/fondslabegorre.com\\\/wp-content\\\/uploads\\\/2025\\\/02\\\/DSC4995-min-scaled.jpg?fit=2560%2C1707&ssl=1\",\"width\":2560,\"height\":1707},{\"@type\":\"BreadcrumbList\",\"@id\":\"https:\\\/\\\/fondslabegorre.com\\\/contact-coordonnees\\\/#breadcrumb\",\"itemListElement\":[{\"@type\":\"ListItem\",\"position\":1,\"name\":\"Accueil\",\"item\":\"https:\\\/\\\/fondslabegorre.com\\\/\"},{\"@type\":\"ListItem\",\"position\":2,\"name\":\"Contact &#038; coordonn\u00e9es\"}]},{\"@type\":\"WebSite\",\"@id\":\"https:\\\/\\\/fondslabegorre.com\\\/#website\",\"url\":\"https:\\\/\\\/fondslabegorre.com\\\/\",\"name\":\"FONDS LABEGORRE\",\"description\":\"\",\"publisher\":{\"@id\":\"https:\\\/\\\/fondslabegorre.com\\\/#organization\"},\"potentialAction\":[{\"@type\":\"SearchAction\",\"target\":{\"@type\":\"EntryPoint\",\"urlTemplate\":\"https:\\\/\\\/fondslabegorre.com\\\/?s={search_term_string}\"},\"query-input\":{\"@type\":\"PropertyValueSpecification\",\"valueRequired\":true,\"valueName\":\"search_term_string\"}}],\"inLanguage\":\"en-GB\"},{\"@type\":\"Organization\",\"@id\":\"https:\\\/\\\/fondslabegorre.com\\\/#organization\",\"name\":\"FONDS LABEGORRE\",\"url\":\"https:\\\/\\\/fondslabegorre.com\\\/\",\"logo\":{\"@type\":\"ImageObject\",\"inLanguage\":\"en-GB\",\"@id\":\"https:\\\/\\\/fondslabegorre.com\\\/#\\\/schema\\\/logo\\\/image\\\/\",\"url\":\"https:\\\/\\\/i0.wp.com\\\/fondslabegorre.com\\\/wp-content\\\/uploads\\\/2025\\\/02\\\/cropped-FONDS-LABEGORRE-BLANC.png?fit=1759%2C590&ssl=1\",\"contentUrl\":\"https:\\\/\\\/i0.wp.com\\\/fondslabegorre.com\\\/wp-content\\\/uploads\\\/2025\\\/02\\\/cropped-FONDS-LABEGORRE-BLANC.png?fit=1759%2C590&ssl=1\",\"width\":1759,\"height\":590,\"caption\":\"FONDS LABEGORRE\"},\"image\":{\"@id\":\"https:\\\/\\\/fondslabegorre.com\\\/#\\\/schema\\\/logo\\\/image\\\/\"},\"sameAs\":[\"https:\\\/\\\/www.facebook.com\\\/Lab\u00e9gorre-499811120066191\",\"https:\\\/\\\/x.com\\\/labegorre\",\"https:\\\/\\\/www.youtube.com\\\/channel\\\/UCUiXgyKhO6TTYK_BWBBAvPw\"]}]}<\/script>\n<!-- \/ Yoast SEO plugin. -->","yoast_head_json":{"title":"Contact & coordonn\u00e9es - FONDS LABEGORRE","description":"Fonds Lab\u00e9gorre - ZA Laubian \u2013 2 impasse de la Lande 40510 Seignosse +33 6 45 34 94 89 contact@fondslabegorre.com","robots":{"index":"index","follow":"follow","max-snippet":"max-snippet:-1","max-image-preview":"max-image-preview:large","max-video-preview":"max-video-preview:-1"},"canonical":"https:\/\/fondslabegorre.com\/en\/contact-coordonnees\/","og_locale":"en_GB","og_type":"article","og_title":"Contact & coordonn\u00e9es - FONDS LABEGORRE","og_description":"Fonds Lab\u00e9gorre - ZA Laubian \u2013 2 impasse de la Lande 40510 Seignosse +33 6 45 34 94 89 contact@fondslabegorre.com","og_url":"https:\/\/fondslabegorre.com\/en\/contact-coordonnees\/","og_site_name":"FONDS LABEGORRE","article_publisher":"https:\/\/www.facebook.com\/Lab%c3%a9gorre-499811120066191","article_modified_time":"2025-04-08T12:38:00+00:00","og_image":[{"width":2560,"height":1707,"url":"https:\/\/fondslabegorre.com\/wp-content\/uploads\/2025\/02\/DSC4995-min-scaled.jpg","type":"image\/jpeg"}],"twitter_card":"summary_large_image","twitter_site":"@labegorre","twitter_misc":{"Estimated reading time":"1 minute"},"schema":{"@context":"https:\/\/schema.org","@graph":[{"@type":"WebPage","@id":"https:\/\/fondslabegorre.com\/contact-coordonnees\/","url":"https:\/\/fondslabegorre.com\/contact-coordonnees\/","name":"Contact & coordonn\u00e9es - FONDS LABEGORRE","isPartOf":{"@id":"https:\/\/fondslabegorre.com\/#website"},"primaryImageOfPage":{"@id":"https:\/\/fondslabegorre.com\/contact-coordonnees\/#primaryimage"},"image":{"@id":"https:\/\/fondslabegorre.com\/contact-coordonnees\/#primaryimage"},"thumbnailUrl":"https:\/\/i0.wp.com\/fondslabegorre.com\/wp-content\/uploads\/2025\/02\/DSC4995-min-scaled.jpg?fit=2560%2C1707&ssl=1","datePublished":"2018-01-17T13:14:02+00:00","dateModified":"2025-04-08T12:38:00+00:00","description":"Fonds Lab\u00e9gorre - ZA Laubian \u2013 2 impasse de la Lande 40510 Seignosse +33 6 45 34 94 89 contact@fondslabegorre.com","breadcrumb":{"@id":"https:\/\/fondslabegorre.com\/contact-coordonnees\/#breadcrumb"},"inLanguage":"en-GB","potentialAction":[{"@type":"ReadAction","target":["https:\/\/fondslabegorre.com\/contact-coordonnees\/"]}]},{"@type":"ImageObject","inLanguage":"en-GB","@id":"https:\/\/fondslabegorre.com\/contact-coordonnees\/#primaryimage","url":"https:\/\/i0.wp.com\/fondslabegorre.com\/wp-content\/uploads\/2025\/02\/DSC4995-min-scaled.jpg?fit=2560%2C1707&ssl=1","contentUrl":"https:\/\/i0.wp.com\/fondslabegorre.com\/wp-content\/uploads\/2025\/02\/DSC4995-min-scaled.jpg?fit=2560%2C1707&ssl=1","width":2560,"height":1707},{"@type":"BreadcrumbList","@id":"https:\/\/fondslabegorre.com\/contact-coordonnees\/#breadcrumb","itemListElement":[{"@type":"ListItem","position":1,"name":"Accueil","item":"https:\/\/fondslabegorre.com\/"},{"@type":"ListItem","position":2,"name":"Contact &#038; coordonn\u00e9es"}]},{"@type":"WebSite","@id":"https:\/\/fondslabegorre.com\/#website","url":"https:\/\/fondslabegorre.com\/","name":"FONDS LABEGORRE","description":"","publisher":{"@id":"https:\/\/fondslabegorre.com\/#organization"},"potentialAction":[{"@type":"SearchAction","target":{"@type":"EntryPoint","urlTemplate":"https:\/\/fondslabegorre.com\/?s={search_term_string}"},"query-input":{"@type":"PropertyValueSpecification","valueRequired":true,"valueName":"search_term_string"}}],"inLanguage":"en-GB"},{"@type":"Organization","@id":"https:\/\/fondslabegorre.com\/#organization","name":"FONDS LABEGORRE","url":"https:\/\/fondslabegorre.com\/","logo":{"@type":"ImageObject","inLanguage":"en-GB","@id":"https:\/\/fondslabegorre.com\/#\/schema\/logo\/image\/","url":"https:\/\/i0.wp.com\/fondslabegorre.com\/wp-content\/uploads\/2025\/02\/cropped-FONDS-LABEGORRE-BLANC.png?fit=1759%2C590&ssl=1","contentUrl":"https:\/\/i0.wp.com\/fondslabegorre.com\/wp-content\/uploads\/2025\/02\/cropped-FONDS-LABEGORRE-BLANC.png?fit=1759%2C590&ssl=1","width":1759,"height":590,"caption":"FONDS LABEGORRE"},"image":{"@id":"https:\/\/fondslabegorre.com\/#\/schema\/logo\/image\/"},"sameAs":["https:\/\/www.facebook.com\/Lab\u00e9gorre-499811120066191","https:\/\/x.com\/labegorre","https:\/\/www.youtube.com\/channel\/UCUiXgyKhO6TTYK_BWBBAvPw"]}]}},"jetpack_shortlink":"https:\/\/wp.me\/P9vHSk-7W","jetpack_sharing_enabled":true,"_links":{"self":[{"href":"https:\/\/fondslabegorre.com\/en\/wp-json\/wp\/v2\/pages\/492","targetHints":{"allow":["GET"]}}],"collection":[{"href":"https:\/\/fondslabegorre.com\/en\/wp-json\/wp\/v2\/pages"}],"about":[{"href":"https:\/\/fondslabegorre.com\/en\/wp-json\/wp\/v2\/types\/page"}],"author":[{"embeddable":true,"href":"https:\/\/fondslabegorre.com\/en\/wp-json\/wp\/v2\/users\/1"}],"replies":[{"embeddable":true,"href":"https:\/\/fondslabegorre.com\/en\/wp-json\/wp\/v2\/comments?post=492"}],"version-history":[{"count":76,"href":"https:\/\/fondslabegorre.com\/en\/wp-json\/wp\/v2\/pages\/492\/revisions"}],"predecessor-version":[{"id":12211,"href":"https:\/\/fondslabegorre.com\/en\/wp-json\/wp\/v2\/pages\/492\/revisions\/12211"}],"wp:featuredmedia":[{"embeddable":true,"href":"https:\/\/fondslabegorre.com\/en\/wp-json\/wp\/v2\/media\/11175"}],"wp:attachment":[{"href":"https:\/\/fondslabegorre.com\/en\/wp-json\/wp\/v2\/media?parent=492"}],"curies":[{"name":"wp","href":"https:\/\/api.w.org\/{rel}","templated":true}]}}