{"id":302,"date":"2018-01-12T17:45:45","date_gmt":"2018-01-12T16:45:45","guid":{"rendered":"http:\/\/www.fondslabegorre.com\/?page_id=302"},"modified":"2025-11-13T11:14:59","modified_gmt":"2025-11-13T10:14:59","slug":"videos","status":"publish","type":"page","link":"https:\/\/fondslabegorre.com\/en\/videos\/","title":{"rendered":"Vid\u00e9os"},"content":{"rendered":"<div data-elementor-type=\"wp-page\" data-elementor-id=\"302\" class=\"elementor elementor-302\">\n\t\t\t\t<div class=\"elementor-element elementor-element-314dd36 e-flex e-con-boxed e-con e-parent\" data-id=\"314dd36\" data-element_type=\"container\" data-e-type=\"container\">\n\t\t\t\t\t<div class=\"e-con-inner\">\n\t\t\t\t<div class=\"elementor-element elementor-element-3b08f7e elementor-widget elementor-widget-heading\" data-id=\"3b08f7e\" data-element_type=\"widget\" data-e-type=\"widget\" data-widget_type=\"heading.default\">\n\t\t\t\t<div class=\"elementor-widget-container\">\n\t\t\t\t\t<h2 class=\"elementor-heading-title elementor-size-default\">Find a selection of videos concerning <br> Serge Labegorre at the gallery<\/h2>\t\t\t\t<\/div>\n\t\t\t\t<\/div>\n\t\t\t\t<div class=\"elementor-element elementor-element-045aa3a elementor-widget-divider--view-line elementor-widget elementor-widget-divider\" data-id=\"045aa3a\" data-element_type=\"widget\" data-e-type=\"widget\" data-widget_type=\"divider.default\">\n\t\t\t\t<div class=\"elementor-widget-container\">\n\t\t\t\t\t\t\t<div class=\"elementor-divider\">\n\t\t\t<span class=\"elementor-divider-separator\">\n\t\t\t\t\t\t<\/span>\n\t\t<\/div>\n\t\t\t\t\t\t<\/div>\n\t\t\t\t<\/div>\n\t\t\t\t\t<\/div>\n\t\t\t\t<\/div>\n\t\t<div class=\"elementor-element elementor-element-be9b44d e-flex e-con-boxed e-con e-parent\" data-id=\"be9b44d\" data-element_type=\"container\" data-e-type=\"container\">\n\t\t\t\t\t<div class=\"e-con-inner\">\n\t\t\t\t<div class=\"elementor-element elementor-element-3743e78 elementor-widget elementor-widget-video\" data-id=\"3743e78\" data-element_type=\"widget\" data-e-type=\"widget\" data-settings=\"{&quot;youtube_url&quot;:&quot;https:\\\/\\\/www.youtube.com\\\/watch?v=vok8IhYFPxM&quot;,&quot;video_type&quot;:&quot;youtube&quot;,&quot;controls&quot;:&quot;yes&quot;}\" data-widget_type=\"video.default\">\n\t\t\t\t<div class=\"elementor-widget-container\">\n\t\t\t\t\t\t\t<div class=\"elementor-wrapper elementor-open-inline\">\n\t\t\t<div class=\"elementor-video\"><\/div>\t\t<\/div>\n\t\t\t\t\t\t<\/div>\n\t\t\t\t<\/div>\n\t\t\t\t\t<\/div>\n\t\t\t\t<\/div>\n\t\t<div class=\"elementor-element elementor-element-c2e4927 e-flex e-con-boxed e-con e-parent\" data-id=\"c2e4927\" data-element_type=\"container\" data-e-type=\"container\">\n\t\t\t\t\t<div class=\"e-con-inner\">\n\t\t\t\t<div class=\"elementor-element elementor-element-c8b3466 elementor-widget elementor-widget-video\" data-id=\"c8b3466\" data-element_type=\"widget\" data-e-type=\"widget\" data-settings=\"{&quot;youtube_url&quot;:&quot;https:\\\/\\\/www.youtube.com\\\/watch?v=Kuc6Qj8rahE&amp;t=1s&quot;,&quot;video_type&quot;:&quot;youtube&quot;,&quot;controls&quot;:&quot;yes&quot;}\" data-widget_type=\"video.default\">\n\t\t\t\t<div class=\"elementor-widget-container\">\n\t\t\t\t\t\t\t<div class=\"elementor-wrapper elementor-open-inline\">\n\t\t\t<div class=\"elementor-video\"><\/div>\t\t<\/div>\n\t\t\t\t\t\t<\/div>\n\t\t\t\t<\/div>\n\t\t\t\t\t<\/div>\n\t\t\t\t<\/div>\n\t\t<div class=\"elementor-element elementor-element-da6bd67 e-flex e-con-boxed e-con e-parent\" data-id=\"da6bd67\" data-element_type=\"container\" data-e-type=\"container\">\n\t\t\t\t\t<div class=\"e-con-inner\">\n\t\t\t\t<div class=\"elementor-element elementor-element-2b15334 elementor-widget elementor-widget-video\" data-id=\"2b15334\" data-element_type=\"widget\" data-e-type=\"widget\" data-settings=\"{&quot;youtube_url&quot;:&quot;https:\\\/\\\/www.youtube.com\\\/watch?v=u21s2Z9Vawo&quot;,&quot;video_type&quot;:&quot;youtube&quot;,&quot;controls&quot;:&quot;yes&quot;}\" data-widget_type=\"video.default\">\n\t\t\t\t<div class=\"elementor-widget-container\">\n\t\t\t\t\t\t\t<div class=\"elementor-wrapper elementor-open-inline\">\n\t\t\t<div class=\"elementor-video\"><\/div>\t\t<\/div>\n\t\t\t\t\t\t<\/div>\n\t\t\t\t<\/div>\n\t\t\t\t\t<\/div>\n\t\t\t\t<\/div>\n\t\t<div class=\"elementor-element elementor-element-cf2ee09 e-flex e-con-boxed e-con e-parent\" data-id=\"cf2ee09\" data-element_type=\"container\" data-e-type=\"container\">\n\t\t\t\t\t<div class=\"e-con-inner\">\n\t\t\t\t<div class=\"elementor-element elementor-element-bc51fd8 elementor-widget elementor-widget-video\" data-id=\"bc51fd8\" data-element_type=\"widget\" data-e-type=\"widget\" data-settings=\"{&quot;youtube_url&quot;:&quot;https:\\\/\\\/www.youtube.com\\\/watch?v=yIa2e0i3l7o&quot;,&quot;video_type&quot;:&quot;youtube&quot;,&quot;controls&quot;:&quot;yes&quot;}\" data-widget_type=\"video.default\">\n\t\t\t\t<div class=\"elementor-widget-container\">\n\t\t\t\t\t\t\t<div class=\"elementor-wrapper elementor-open-inline\">\n\t\t\t<div class=\"elementor-video\"><\/div>\t\t<\/div>\n\t\t\t\t\t\t<\/div>\n\t\t\t\t<\/div>\n\t\t\t\t\t<\/div>\n\t\t\t\t<\/div>\n\t\t<div class=\"elementor-element elementor-element-ed110a1 e-flex e-con-boxed e-con e-parent\" data-id=\"ed110a1\" data-element_type=\"container\" data-e-type=\"container\">\n\t\t\t\t\t<div class=\"e-con-inner\">\n\t\t<div class=\"elementor-element elementor-element-f6c473a e-con-full e-flex e-con e-child\" data-id=\"f6c473a\" data-element_type=\"container\" data-e-type=\"container\">\n\t\t\t\t<div class=\"elementor-element elementor-element-d6ced03 elementor-widget elementor-widget-video\" data-id=\"d6ced03\" data-element_type=\"widget\" data-e-type=\"widget\" data-settings=\"{&quot;youtube_url&quot;:&quot;https:\\\/\\\/www.youtube.com\\\/watch?v=xRmNvSQFfsU&quot;,&quot;video_type&quot;:&quot;youtube&quot;,&quot;controls&quot;:&quot;yes&quot;}\" data-widget_type=\"video.default\">\n\t\t\t\t<div class=\"elementor-widget-container\">\n\t\t\t\t\t\t\t<div class=\"elementor-wrapper elementor-open-inline\">\n\t\t\t<div class=\"elementor-video\"><\/div>\t\t<\/div>\n\t\t\t\t\t\t<\/div>\n\t\t\t\t<\/div>\n\t\t\t\t<\/div>\n\t\t<div class=\"elementor-element elementor-element-32ff498 e-con-full e-flex e-con e-child\" data-id=\"32ff498\" data-element_type=\"container\" data-e-type=\"container\">\n\t\t\t\t<div class=\"elementor-element elementor-element-fb36be1 elementor-widget elementor-widget-video\" data-id=\"fb36be1\" data-element_type=\"widget\" data-e-type=\"widget\" data-settings=\"{&quot;youtube_url&quot;:&quot;https:\\\/\\\/www.youtube.com\\\/watch?v=yaxxEOUuccY&quot;,&quot;video_type&quot;:&quot;youtube&quot;,&quot;controls&quot;:&quot;yes&quot;}\" data-widget_type=\"video.default\">\n\t\t\t\t<div class=\"elementor-widget-container\">\n\t\t\t\t\t\t\t<div class=\"elementor-wrapper elementor-open-inline\">\n\t\t\t<div class=\"elementor-video\"><\/div>\t\t<\/div>\n\t\t\t\t\t\t<\/div>\n\t\t\t\t<\/div>\n\t\t\t\t<\/div>\n\t\t\t\t\t<\/div>\n\t\t\t\t<\/div>\n\t\t<div class=\"elementor-element elementor-element-6244b4a e-flex e-con-boxed e-con e-parent\" data-id=\"6244b4a\" data-element_type=\"container\" data-e-type=\"container\">\n\t\t\t\t\t<div class=\"e-con-inner\">\n\t\t<div class=\"elementor-element elementor-element-8f6ccce e-con-full e-flex e-con e-child\" data-id=\"8f6ccce\" data-element_type=\"container\" data-e-type=\"container\">\n\t\t\t\t<div class=\"elementor-element elementor-element-ad8a7eb elementor-widget elementor-widget-video\" data-id=\"ad8a7eb\" data-element_type=\"widget\" data-e-type=\"widget\" data-settings=\"{&quot;youtube_url&quot;:&quot;https:\\\/\\\/www.youtube.com\\\/watch?v=Gf-2RP1Za88&quot;,&quot;video_type&quot;:&quot;youtube&quot;,&quot;controls&quot;:&quot;yes&quot;}\" data-widget_type=\"video.default\">\n\t\t\t\t<div class=\"elementor-widget-container\">\n\t\t\t\t\t\t\t<div class=\"elementor-wrapper elementor-open-inline\">\n\t\t\t<div class=\"elementor-video\"><\/div>\t\t<\/div>\n\t\t\t\t\t\t<\/div>\n\t\t\t\t<\/div>\n\t\t\t\t<\/div>\n\t\t<div class=\"elementor-element elementor-element-b812605 e-con-full e-flex e-con e-child\" data-id=\"b812605\" data-element_type=\"container\" data-e-type=\"container\">\n\t\t\t\t<div class=\"elementor-element elementor-element-818e207 elementor-widget elementor-widget-video\" data-id=\"818e207\" data-element_type=\"widget\" data-e-type=\"widget\" data-settings=\"{&quot;youtube_url&quot;:&quot;https:\\\/\\\/www.youtube.com\\\/watch?v=RNigRzB-gfk&quot;,&quot;video_type&quot;:&quot;youtube&quot;,&quot;controls&quot;:&quot;yes&quot;}\" data-widget_type=\"video.default\">\n\t\t\t\t<div class=\"elementor-widget-container\">\n\t\t\t\t\t\t\t<div class=\"elementor-wrapper elementor-open-inline\">\n\t\t\t<div class=\"elementor-video\"><\/div>\t\t<\/div>\n\t\t\t\t\t\t<\/div>\n\t\t\t\t<\/div>\n\t\t\t\t<\/div>\n\t\t\t\t\t<\/div>\n\t\t\t\t<\/div>\n\t\t<div class=\"elementor-element elementor-element-12a2683 e-flex e-con-boxed e-con e-parent\" data-id=\"12a2683\" data-element_type=\"container\" data-e-type=\"container\">\n\t\t\t\t\t<div class=\"e-con-inner\">\n\t\t\t\t<div class=\"elementor-element elementor-element-c7b4064 elementor-widget elementor-widget-video\" data-id=\"c7b4064\" data-element_type=\"widget\" data-e-type=\"widget\" data-settings=\"{&quot;youtube_url&quot;:&quot;https:\\\/\\\/www.youtube.com\\\/shorts\\\/hGZtaN0WUEo&quot;,&quot;video_type&quot;:&quot;youtube&quot;,&quot;controls&quot;:&quot;yes&quot;}\" data-widget_type=\"video.default\">\n\t\t\t\t<div class=\"elementor-widget-container\">\n\t\t\t\t\t\t\t<div class=\"elementor-wrapper elementor-open-inline\">\n\t\t\t<div class=\"elementor-video\"><\/div>\t\t<\/div>\n\t\t\t\t\t\t<\/div>\n\t\t\t\t<\/div>\n\t\t\t\t\t<\/div>\n\t\t\t\t<\/div>\n\t\t<div class=\"elementor-element elementor-element-4ba0a6d e-flex e-con-boxed e-con e-parent\" data-id=\"4ba0a6d\" data-element_type=\"container\" data-e-type=\"container\">\n\t\t\t\t\t<div class=\"e-con-inner\">\n\t\t\t\t<div class=\"elementor-element elementor-element-ccd600f elementor-view-default elementor-position-block-start elementor-mobile-position-block-start elementor-widget elementor-widget-icon-box\" data-id=\"ccd600f\" data-element_type=\"widget\" data-e-type=\"widget\" data-widget_type=\"icon-box.default\">\n\t\t\t\t<div class=\"elementor-widget-container\">\n\t\t\t\t\t\t\t<div class=\"elementor-icon-box-wrapper\">\n\n\t\t\t\t\t\t<div class=\"elementor-icon-box-icon\">\n\t\t\t\t<a href=\"https:\/\/www.dailymotion.com\/labegorre\" class=\"elementor-icon\" tabindex=\"-1\" aria-label=\"see more videos \">\n\t\t\t\t<svg aria-hidden=\"true\" class=\"e-font-icon-svg e-fab-dailymotion\" viewbox=\"0 0 448 512\" xmlns=\"http:\/\/www.w3.org\/2000\/svg\"><path d=\"M298.93,267a48.4,48.4,0,0,0-24.36-6.21q-19.83,0-33.44,13.27t-13.61,33.42q0,21.16,13.28,34.6t33.43,13.44q20.5,0,34.11-13.78T322,307.47A47.13,47.13,0,0,0,315.9,284,44.13,44.13,0,0,0,298.93,267ZM0,32V480H448V32ZM374.71,405.26h-53.1V381.37h-.67q-15.79,26.2-55.78,26.2-27.56,0-48.89-13.1a88.29,88.29,0,0,1-32.94-35.77q-11.6-22.68-11.59-50.89,0-27.56,11.76-50.22a89.9,89.9,0,0,1,32.93-35.78q21.18-13.09,47.72-13.1a80.87,80.87,0,0,1,29.74,5.21q13.28,5.21,25,17V153l55.79-12.09Z\"><\/path><\/svg>\t\t\t\t<\/a>\n\t\t\t<\/div>\n\t\t\t\n\t\t\t\t\t\t<div class=\"elementor-icon-box-content\">\n\n\t\t\t\t\t\t\t\t\t<h3 class=\"elementor-icon-box-title\">\n\t\t\t\t\t\t<a href=\"https:\/\/www.dailymotion.com\/labegorre\" >\n\t\t\t\t\t\t\tsee more videos \t\t\t\t\t\t<\/a>\n\t\t\t\t\t<\/h3>\n\t\t\t\t\n\t\t\t\t\t\t\t\t\t<p class=\"elementor-icon-box-description\">\n\t\t\t\t\t\tFind all our other videos on our Dailymotion account by clicking on the link above.\t\t\t\t\t<\/p>\n\t\t\t\t\n\t\t\t<\/div>\n\t\t\t\n\t\t<\/div>\n\t\t\t\t\t\t<\/div>\n\t\t\t\t<\/div>\n\t\t\t\t\t<\/div>\n\t\t\t\t<\/div>\n\t\t\t\t<\/div>","protected":false},"excerpt":{"rendered":"<p>Retrouvez une s\u00e9lection de vid\u00e9os concernant Serge Labegorre et la galerie https:\/\/www.youtube.com\/watch?v=vok8IhYFPxMhttps:\/\/www.youtube.com\/watch?v=Kuc6Qj8rahE&#038;t=1shttps:\/\/www.youtube.com\/watch?v=u21s2Z9Vawohttps:\/\/www.youtube.com\/watch?v=yIa2e0i3l7ohttps:\/\/www.youtube.com\/watch?v=xRmNvSQFfsUhttps:\/\/www.youtube.com\/watch?v=yaxxEOUuccYhttps:\/\/www.youtube.com\/watch?v=Gf-2RP1Za88https:\/\/www.youtube.com\/watch?v=RNigRzB-gfkhttps:\/\/www.youtube.com\/shorts\/hGZtaN0WUEo Voir plus de vid\u00e9os Retrouvez toutes nos autres vid\u00e9os sur notre compte Dailymotion en cliquant sur le lien ci-dessus.<\/p>","protected":false},"author":1,"featured_media":10820,"parent":0,"menu_order":0,"comment_status":"closed","ping_status":"closed","template":"","meta":{"inspiro_page_layout":"narrow","inspiro_hide_title":false,"footnotes":""},"class_list":["post-302","page","type-page","status-publish","has-post-thumbnail","hentry"],"yoast_head":"<!-- This site is optimized with the Yoast SEO plugin v27.4 - https:\/\/yoast.com\/product\/yoast-seo-wordpress\/ -->\n<title>Vid\u00e9os - FONDS LABEGORRE<\/title>\n<meta name=\"description\" content=\"Retrouvez les vid\u00e9os de l&#039;artiste serge Labegorre racontant les grands \u00e9v\u00e9nements de la galerie et de son histoire.\" \/>\n<meta name=\"robots\" content=\"index, follow, max-snippet:-1, max-image-preview:large, max-video-preview:-1\" \/>\n<link rel=\"canonical\" href=\"https:\/\/fondslabegorre.com\/en\/videos\/\" \/>\n<meta property=\"og:locale\" content=\"en_GB\" \/>\n<meta property=\"og:type\" content=\"article\" \/>\n<meta property=\"og:title\" content=\"Vid\u00e9os - FONDS LABEGORRE\" \/>\n<meta property=\"og:description\" content=\"Retrouvez les vid\u00e9os de l&#039;artiste serge Labegorre racontant les grands \u00e9v\u00e9nements de la galerie et de son histoire.\" \/>\n<meta property=\"og:url\" content=\"https:\/\/fondslabegorre.com\/en\/videos\/\" \/>\n<meta property=\"og:site_name\" content=\"FONDS LABEGORRE\" \/>\n<meta property=\"article:publisher\" content=\"https:\/\/www.facebook.com\/Lab%c3%a9gorre-499811120066191\" \/>\n<meta property=\"article:modified_time\" content=\"2025-11-13T10:14:59+00:00\" \/>\n<meta property=\"og:image\" content=\"https:\/\/fondslabegorre.com\/wp-content\/uploads\/2024\/12\/Le-petit-ponton-du-soleil-Serge-Labegorre-2021-73x116-cm-50M-acrylique-sur-toile.jpg\" \/>\n\t<meta property=\"og:image:width\" content=\"2405\" \/>\n\t<meta property=\"og:image:height\" content=\"1500\" \/>\n\t<meta property=\"og:image:type\" content=\"image\/jpeg\" \/>\n<meta name=\"twitter:card\" content=\"summary_large_image\" \/>\n<meta name=\"twitter:site\" content=\"@labegorre\" \/>\n<meta name=\"twitter:label1\" content=\"Estimated reading time\" \/>\n\t<meta name=\"twitter:data1\" content=\"1 minute\" \/>\n<script type=\"application\/ld+json\" class=\"yoast-schema-graph\">{\"@context\":\"https:\\\/\\\/schema.org\",\"@graph\":[{\"@type\":\"WebPage\",\"@id\":\"https:\\\/\\\/fondslabegorre.com\\\/videos\\\/\",\"url\":\"https:\\\/\\\/fondslabegorre.com\\\/videos\\\/\",\"name\":\"Vid\u00e9os - FONDS LABEGORRE\",\"isPartOf\":{\"@id\":\"https:\\\/\\\/fondslabegorre.com\\\/#website\"},\"primaryImageOfPage\":{\"@id\":\"https:\\\/\\\/fondslabegorre.com\\\/videos\\\/#primaryimage\"},\"image\":{\"@id\":\"https:\\\/\\\/fondslabegorre.com\\\/videos\\\/#primaryimage\"},\"thumbnailUrl\":\"https:\\\/\\\/i0.wp.com\\\/fondslabegorre.com\\\/wp-content\\\/uploads\\\/2024\\\/12\\\/Le-petit-ponton-du-soleil-Serge-Labegorre-2021-73x116-cm-50M-acrylique-sur-toile.jpg?fit=2405%2C1500&ssl=1\",\"datePublished\":\"2018-01-12T16:45:45+00:00\",\"dateModified\":\"2025-11-13T10:14:59+00:00\",\"description\":\"Retrouvez les vid\u00e9os de l'artiste serge Labegorre racontant les grands \u00e9v\u00e9nements de la galerie et de son histoire.\",\"breadcrumb\":{\"@id\":\"https:\\\/\\\/fondslabegorre.com\\\/videos\\\/#breadcrumb\"},\"inLanguage\":\"en-GB\",\"potentialAction\":[{\"@type\":\"ReadAction\",\"target\":[\"https:\\\/\\\/fondslabegorre.com\\\/videos\\\/\"]}]},{\"@type\":\"ImageObject\",\"inLanguage\":\"en-GB\",\"@id\":\"https:\\\/\\\/fondslabegorre.com\\\/videos\\\/#primaryimage\",\"url\":\"https:\\\/\\\/i0.wp.com\\\/fondslabegorre.com\\\/wp-content\\\/uploads\\\/2024\\\/12\\\/Le-petit-ponton-du-soleil-Serge-Labegorre-2021-73x116-cm-50M-acrylique-sur-toile.jpg?fit=2405%2C1500&ssl=1\",\"contentUrl\":\"https:\\\/\\\/i0.wp.com\\\/fondslabegorre.com\\\/wp-content\\\/uploads\\\/2024\\\/12\\\/Le-petit-ponton-du-soleil-Serge-Labegorre-2021-73x116-cm-50M-acrylique-sur-toile.jpg?fit=2405%2C1500&ssl=1\",\"width\":2405,\"height\":1500},{\"@type\":\"BreadcrumbList\",\"@id\":\"https:\\\/\\\/fondslabegorre.com\\\/videos\\\/#breadcrumb\",\"itemListElement\":[{\"@type\":\"ListItem\",\"position\":1,\"name\":\"Accueil\",\"item\":\"https:\\\/\\\/fondslabegorre.com\\\/\"},{\"@type\":\"ListItem\",\"position\":2,\"name\":\"Vid\u00e9os\"}]},{\"@type\":\"WebSite\",\"@id\":\"https:\\\/\\\/fondslabegorre.com\\\/#website\",\"url\":\"https:\\\/\\\/fondslabegorre.com\\\/\",\"name\":\"FONDS LABEGORRE\",\"description\":\"\",\"publisher\":{\"@id\":\"https:\\\/\\\/fondslabegorre.com\\\/#organization\"},\"potentialAction\":[{\"@type\":\"SearchAction\",\"target\":{\"@type\":\"EntryPoint\",\"urlTemplate\":\"https:\\\/\\\/fondslabegorre.com\\\/?s={search_term_string}\"},\"query-input\":{\"@type\":\"PropertyValueSpecification\",\"valueRequired\":true,\"valueName\":\"search_term_string\"}}],\"inLanguage\":\"en-GB\"},{\"@type\":\"Organization\",\"@id\":\"https:\\\/\\\/fondslabegorre.com\\\/#organization\",\"name\":\"FONDS LABEGORRE\",\"url\":\"https:\\\/\\\/fondslabegorre.com\\\/\",\"logo\":{\"@type\":\"ImageObject\",\"inLanguage\":\"en-GB\",\"@id\":\"https:\\\/\\\/fondslabegorre.com\\\/#\\\/schema\\\/logo\\\/image\\\/\",\"url\":\"https:\\\/\\\/i0.wp.com\\\/fondslabegorre.com\\\/wp-content\\\/uploads\\\/2025\\\/02\\\/cropped-FONDS-LABEGORRE-BLANC.png?fit=1759%2C590&ssl=1\",\"contentUrl\":\"https:\\\/\\\/i0.wp.com\\\/fondslabegorre.com\\\/wp-content\\\/uploads\\\/2025\\\/02\\\/cropped-FONDS-LABEGORRE-BLANC.png?fit=1759%2C590&ssl=1\",\"width\":1759,\"height\":590,\"caption\":\"FONDS LABEGORRE\"},\"image\":{\"@id\":\"https:\\\/\\\/fondslabegorre.com\\\/#\\\/schema\\\/logo\\\/image\\\/\"},\"sameAs\":[\"https:\\\/\\\/www.facebook.com\\\/Lab\u00e9gorre-499811120066191\",\"https:\\\/\\\/x.com\\\/labegorre\",\"https:\\\/\\\/www.youtube.com\\\/channel\\\/UCUiXgyKhO6TTYK_BWBBAvPw\"]}]}<\/script>\n<!-- \/ Yoast SEO plugin. -->","yoast_head_json":{"title":"Vid\u00e9os - FONDS LABEGORRE","description":"Retrouvez les vid\u00e9os de l'artiste serge Labegorre racontant les grands \u00e9v\u00e9nements de la galerie et de son histoire.","robots":{"index":"index","follow":"follow","max-snippet":"max-snippet:-1","max-image-preview":"max-image-preview:large","max-video-preview":"max-video-preview:-1"},"canonical":"https:\/\/fondslabegorre.com\/en\/videos\/","og_locale":"en_GB","og_type":"article","og_title":"Vid\u00e9os - FONDS LABEGORRE","og_description":"Retrouvez les vid\u00e9os de l'artiste serge Labegorre racontant les grands \u00e9v\u00e9nements de la galerie et de son histoire.","og_url":"https:\/\/fondslabegorre.com\/en\/videos\/","og_site_name":"FONDS LABEGORRE","article_publisher":"https:\/\/www.facebook.com\/Lab%c3%a9gorre-499811120066191","article_modified_time":"2025-11-13T10:14:59+00:00","og_image":[{"width":2405,"height":1500,"url":"https:\/\/fondslabegorre.com\/wp-content\/uploads\/2024\/12\/Le-petit-ponton-du-soleil-Serge-Labegorre-2021-73x116-cm-50M-acrylique-sur-toile.jpg","type":"image\/jpeg"}],"twitter_card":"summary_large_image","twitter_site":"@labegorre","twitter_misc":{"Estimated reading time":"1 minute"},"schema":{"@context":"https:\/\/schema.org","@graph":[{"@type":"WebPage","@id":"https:\/\/fondslabegorre.com\/videos\/","url":"https:\/\/fondslabegorre.com\/videos\/","name":"Vid\u00e9os - FONDS LABEGORRE","isPartOf":{"@id":"https:\/\/fondslabegorre.com\/#website"},"primaryImageOfPage":{"@id":"https:\/\/fondslabegorre.com\/videos\/#primaryimage"},"image":{"@id":"https:\/\/fondslabegorre.com\/videos\/#primaryimage"},"thumbnailUrl":"https:\/\/i0.wp.com\/fondslabegorre.com\/wp-content\/uploads\/2024\/12\/Le-petit-ponton-du-soleil-Serge-Labegorre-2021-73x116-cm-50M-acrylique-sur-toile.jpg?fit=2405%2C1500&ssl=1","datePublished":"2018-01-12T16:45:45+00:00","dateModified":"2025-11-13T10:14:59+00:00","description":"Retrouvez les vid\u00e9os de l'artiste serge Labegorre racontant les grands \u00e9v\u00e9nements de la galerie et de son histoire.","breadcrumb":{"@id":"https:\/\/fondslabegorre.com\/videos\/#breadcrumb"},"inLanguage":"en-GB","potentialAction":[{"@type":"ReadAction","target":["https:\/\/fondslabegorre.com\/videos\/"]}]},{"@type":"ImageObject","inLanguage":"en-GB","@id":"https:\/\/fondslabegorre.com\/videos\/#primaryimage","url":"https:\/\/i0.wp.com\/fondslabegorre.com\/wp-content\/uploads\/2024\/12\/Le-petit-ponton-du-soleil-Serge-Labegorre-2021-73x116-cm-50M-acrylique-sur-toile.jpg?fit=2405%2C1500&ssl=1","contentUrl":"https:\/\/i0.wp.com\/fondslabegorre.com\/wp-content\/uploads\/2024\/12\/Le-petit-ponton-du-soleil-Serge-Labegorre-2021-73x116-cm-50M-acrylique-sur-toile.jpg?fit=2405%2C1500&ssl=1","width":2405,"height":1500},{"@type":"BreadcrumbList","@id":"https:\/\/fondslabegorre.com\/videos\/#breadcrumb","itemListElement":[{"@type":"ListItem","position":1,"name":"Accueil","item":"https:\/\/fondslabegorre.com\/"},{"@type":"ListItem","position":2,"name":"Vid\u00e9os"}]},{"@type":"WebSite","@id":"https:\/\/fondslabegorre.com\/#website","url":"https:\/\/fondslabegorre.com\/","name":"FONDS LABEGORRE","description":"","publisher":{"@id":"https:\/\/fondslabegorre.com\/#organization"},"potentialAction":[{"@type":"SearchAction","target":{"@type":"EntryPoint","urlTemplate":"https:\/\/fondslabegorre.com\/?s={search_term_string}"},"query-input":{"@type":"PropertyValueSpecification","valueRequired":true,"valueName":"search_term_string"}}],"inLanguage":"en-GB"},{"@type":"Organization","@id":"https:\/\/fondslabegorre.com\/#organization","name":"FONDS LABEGORRE","url":"https:\/\/fondslabegorre.com\/","logo":{"@type":"ImageObject","inLanguage":"en-GB","@id":"https:\/\/fondslabegorre.com\/#\/schema\/logo\/image\/","url":"https:\/\/i0.wp.com\/fondslabegorre.com\/wp-content\/uploads\/2025\/02\/cropped-FONDS-LABEGORRE-BLANC.png?fit=1759%2C590&ssl=1","contentUrl":"https:\/\/i0.wp.com\/fondslabegorre.com\/wp-content\/uploads\/2025\/02\/cropped-FONDS-LABEGORRE-BLANC.png?fit=1759%2C590&ssl=1","width":1759,"height":590,"caption":"FONDS LABEGORRE"},"image":{"@id":"https:\/\/fondslabegorre.com\/#\/schema\/logo\/image\/"},"sameAs":["https:\/\/www.facebook.com\/Lab\u00e9gorre-499811120066191","https:\/\/x.com\/labegorre","https:\/\/www.youtube.com\/channel\/UCUiXgyKhO6TTYK_BWBBAvPw"]}]}},"jetpack_shortlink":"https:\/\/wp.me\/P9vHSk-4S","jetpack_sharing_enabled":true,"_links":{"self":[{"href":"https:\/\/fondslabegorre.com\/en\/wp-json\/wp\/v2\/pages\/302","targetHints":{"allow":["GET"]}}],"collection":[{"href":"https:\/\/fondslabegorre.com\/en\/wp-json\/wp\/v2\/pages"}],"about":[{"href":"https:\/\/fondslabegorre.com\/en\/wp-json\/wp\/v2\/types\/page"}],"author":[{"embeddable":true,"href":"https:\/\/fondslabegorre.com\/en\/wp-json\/wp\/v2\/users\/1"}],"replies":[{"embeddable":true,"href":"https:\/\/fondslabegorre.com\/en\/wp-json\/wp\/v2\/comments?post=302"}],"version-history":[{"count":43,"href":"https:\/\/fondslabegorre.com\/en\/wp-json\/wp\/v2\/pages\/302\/revisions"}],"predecessor-version":[{"id":12621,"href":"https:\/\/fondslabegorre.com\/en\/wp-json\/wp\/v2\/pages\/302\/revisions\/12621"}],"wp:featuredmedia":[{"embeddable":true,"href":"https:\/\/fondslabegorre.com\/en\/wp-json\/wp\/v2\/media\/10820"}],"wp:attachment":[{"href":"https:\/\/fondslabegorre.com\/en\/wp-json\/wp\/v2\/media?parent=302"}],"curies":[{"name":"wp","href":"https:\/\/api.w.org\/{rel}","templated":true}]}}