{"id":208,"date":"2018-01-12T15:06:18","date_gmt":"2018-01-12T14:06:18","guid":{"rendered":"http:\/\/www.fondslabegorre.com\/?page_id=208"},"modified":"2025-03-19T11:09:56","modified_gmt":"2025-03-19T10:09:56","slug":"histoire-galerie","status":"publish","type":"page","link":"https:\/\/fondslabegorre.com\/en\/histoire-galerie\/","title":{"rendered":"History of the Labegorre Fund and Gallery"},"content":{"rendered":"<div data-elementor-type=\"wp-page\" data-elementor-id=\"208\" class=\"elementor elementor-208\">\n\t\t\t\t<div class=\"elementor-element elementor-element-45b9fb73 e-flex e-con-boxed e-con e-parent\" data-id=\"45b9fb73\" data-element_type=\"container\" data-e-type=\"container\">\n\t\t\t\t\t<div class=\"e-con-inner\">\n\t\t\t\t<div class=\"elementor-element elementor-element-402b09e elementor-widget elementor-widget-heading\" data-id=\"402b09e\" data-element_type=\"widget\" data-e-type=\"widget\" data-widget_type=\"heading.default\">\n\t\t\t\t<div class=\"elementor-widget-container\">\n\t\t\t\t\t<h2 class=\"elementor-heading-title elementor-size-default\">Once upon a time... The Labegorre Fund<\/h2>\t\t\t\t<\/div>\n\t\t\t\t<\/div>\n\t\t\t\t<div class=\"elementor-element elementor-element-b292a19 elementor-widget-divider--view-line elementor-widget elementor-widget-divider\" data-id=\"b292a19\" data-element_type=\"widget\" data-e-type=\"widget\" data-widget_type=\"divider.default\">\n\t\t\t\t<div class=\"elementor-widget-container\">\n\t\t\t\t\t\t\t<div class=\"elementor-divider\">\n\t\t\t<span class=\"elementor-divider-separator\">\n\t\t\t\t\t\t<\/span>\n\t\t<\/div>\n\t\t\t\t\t\t<\/div>\n\t\t\t\t<\/div>\n\t\t\t\t<div class=\"elementor-element elementor-element-63af97b6 elementor-widget elementor-widget-text-editor\" data-id=\"63af97b6\" data-element_type=\"widget\" data-e-type=\"widget\" data-widget_type=\"text-editor.default\">\n\t\t\t\t<div class=\"elementor-widget-container\">\n\t\t\t\t\t\t\t\t\t<p class=\"font_8\">The \u201cFonds Lab\u00e9gorre\u201d was inaugurated in November 2014 in the commune of Seignosse.<\/p><p class=\"font_8\">By summer 2024, to mark its tenth anniversary, the gallery and endowment fund dedicated to painter Serge Lab\u00e9gorre could proudly announce having welcomed nearly 19,000 visitors.\nIn addition to exhibitions devoted to the resident artist, the gallery also hosted 30 temporary exhibitions featuring other artists.<\/p><p class=\"font_8\">The endowment fund itself organized three special encounters with notable figures around the theme of artistic creation, and welcomed renowned French cellist Henri Demarquette for a private concert and a masterclass with students from the Tyrosse conservatory.<\/p><p class=\"font_8\">In July 2024, a reception was held to thank all those who made the creation of this institution possible: patrons, family, architect, notary, craftsmen, accountants, gallery owners, collectors, and friends.<\/p><p class=\"font_8\">Since January 2024, a new force has emerged: The Friends of Serge Lab\u00e9gorre\u2019s Work, a group united around patron and collector Alain Querrioux, in support of the work already accomplished.<\/p><p class=\"font_8\">On July 6, 2024, the new exhibition hall of the Fonds gallery was also inaugurated.<\/p><p class=\"font_8\">The journey continues.<\/p>\t\t\t\t\t\t\t\t<\/div>\n\t\t\t\t<\/div>\n\t\t\t\t<div class=\"elementor-element elementor-element-c0287dc elementor-widget elementor-widget-heading\" data-id=\"c0287dc\" data-element_type=\"widget\" data-e-type=\"widget\" data-widget_type=\"heading.default\">\n\t\t\t\t<div class=\"elementor-widget-container\">\n\t\t\t\t\t<h2 class=\"elementor-heading-title elementor-size-default\">Major events<\/h2>\t\t\t\t<\/div>\n\t\t\t\t<\/div>\n\t\t\t\t<div class=\"elementor-element elementor-element-3713ef7 elementor-widget-divider--view-line elementor-widget elementor-widget-divider\" data-id=\"3713ef7\" data-element_type=\"widget\" data-e-type=\"widget\" data-widget_type=\"divider.default\">\n\t\t\t\t<div class=\"elementor-widget-container\">\n\t\t\t\t\t\t\t<div class=\"elementor-divider\">\n\t\t\t<span class=\"elementor-divider-separator\">\n\t\t\t\t\t\t<\/span>\n\t\t<\/div>\n\t\t\t\t\t\t<\/div>\n\t\t\t\t<\/div>\n\t\t\t\t\t<\/div>\n\t\t\t\t<\/div>\n\t\t<div class=\"elementor-element elementor-element-18ebfa1 e-flex e-con-boxed e-con e-parent\" data-id=\"18ebfa1\" data-element_type=\"container\" data-e-type=\"container\">\n\t\t\t\t\t<div class=\"e-con-inner\">\n\t\t\t\t<div class=\"elementor-element elementor-element-ded8f19 elementor-widget elementor-widget-image\" data-id=\"ded8f19\" data-element_type=\"widget\" data-e-type=\"widget\" data-widget_type=\"image.default\">\n\t\t\t\t<div class=\"elementor-widget-container\">\n\t\t\t\t\t\t\t\t\t\t\t\t\t\t\t<img fetchpriority=\"high\" decoding=\"async\" data-attachment-id=\"11419\" data-permalink=\"https:\/\/fondslabegorre.com\/en\/histoire-galerie\/capture-decran-2025-03-07-a-15-45-18\/\" data-orig-file=\"https:\/\/i0.wp.com\/fondslabegorre.com\/wp-content\/uploads\/2025\/03\/Capture-decran-2025-03-07-a-15.45.18.png?fit=2540%2C1162&amp;ssl=1\" data-orig-size=\"2540,1162\" data-comments-opened=\"0\" data-image-meta=\"{&quot;aperture&quot;:&quot;0&quot;,&quot;credit&quot;:&quot;&quot;,&quot;camera&quot;:&quot;&quot;,&quot;caption&quot;:&quot;&quot;,&quot;created_timestamp&quot;:&quot;0&quot;,&quot;copyright&quot;:&quot;&quot;,&quot;focal_length&quot;:&quot;0&quot;,&quot;iso&quot;:&quot;0&quot;,&quot;shutter_speed&quot;:&quot;0&quot;,&quot;title&quot;:&quot;&quot;,&quot;orientation&quot;:&quot;0&quot;}\" data-image-title=\"Capture d\u2019\u00e9cran 2025-03-07 \u00e0 15.45.18\" data-image-description=\"\" data-image-caption=\"\" data-large-file=\"https:\/\/i0.wp.com\/fondslabegorre.com\/wp-content\/uploads\/2025\/03\/Capture-decran-2025-03-07-a-15.45.18.png?fit=930%2C425&amp;ssl=1\" width=\"930\" height=\"425\" src=\"https:\/\/i0.wp.com\/fondslabegorre.com\/wp-content\/uploads\/2025\/03\/Capture-decran-2025-03-07-a-15.45.18.png?fit=930%2C425&amp;ssl=1\" class=\"attachment-large size-large wp-image-11419\" alt=\"\" srcset=\"https:\/\/i0.wp.com\/fondslabegorre.com\/wp-content\/uploads\/2025\/03\/Capture-decran-2025-03-07-a-15.45.18.png?w=2540&amp;ssl=1 2540w, https:\/\/i0.wp.com\/fondslabegorre.com\/wp-content\/uploads\/2025\/03\/Capture-decran-2025-03-07-a-15.45.18.png?resize=595%2C272&amp;ssl=1 595w, https:\/\/i0.wp.com\/fondslabegorre.com\/wp-content\/uploads\/2025\/03\/Capture-decran-2025-03-07-a-15.45.18.png?resize=960%2C439&amp;ssl=1 960w, https:\/\/i0.wp.com\/fondslabegorre.com\/wp-content\/uploads\/2025\/03\/Capture-decran-2025-03-07-a-15.45.18.png?resize=768%2C351&amp;ssl=1 768w, https:\/\/i0.wp.com\/fondslabegorre.com\/wp-content\/uploads\/2025\/03\/Capture-decran-2025-03-07-a-15.45.18.png?resize=1536%2C703&amp;ssl=1 1536w, https:\/\/i0.wp.com\/fondslabegorre.com\/wp-content\/uploads\/2025\/03\/Capture-decran-2025-03-07-a-15.45.18.png?resize=2048%2C937&amp;ssl=1 2048w, https:\/\/i0.wp.com\/fondslabegorre.com\/wp-content\/uploads\/2025\/03\/Capture-decran-2025-03-07-a-15.45.18.png?resize=2000%2C915&amp;ssl=1 2000w, https:\/\/i0.wp.com\/fondslabegorre.com\/wp-content\/uploads\/2025\/03\/Capture-decran-2025-03-07-a-15.45.18.png?resize=1000%2C457&amp;ssl=1 1000w, https:\/\/i0.wp.com\/fondslabegorre.com\/wp-content\/uploads\/2025\/03\/Capture-decran-2025-03-07-a-15.45.18.png?resize=1800%2C823&amp;ssl=1 1800w, https:\/\/i0.wp.com\/fondslabegorre.com\/wp-content\/uploads\/2025\/03\/Capture-decran-2025-03-07-a-15.45.18.png?resize=1224%2C560&amp;ssl=1 1224w, https:\/\/i0.wp.com\/fondslabegorre.com\/wp-content\/uploads\/2025\/03\/Capture-decran-2025-03-07-a-15.45.18.png?resize=600%2C274&amp;ssl=1 600w, https:\/\/i0.wp.com\/fondslabegorre.com\/wp-content\/uploads\/2025\/03\/Capture-decran-2025-03-07-a-15.45.18.png?w=1860&amp;ssl=1 1860w\" sizes=\"(max-width: 930px) 100vw, 930px\" \/>\t\t\t\t\t\t\t\t\t\t\t\t\t\t\t<\/div>\n\t\t\t\t<\/div>\n\t\t\t\t\t<\/div>\n\t\t\t\t<\/div>\n\t\t\t\t<\/div>","protected":false},"excerpt":{"rendered":"<p>Il \u00e9tait une fois&#8230; Le Fonds Labegorre Le \u00ab\u00a0Fonds Lab\u00e9gorre\u00a0\u00bb a \u00e9t\u00e9 inaugur\u00e9 en novembre 2014 sur le territoire de la commune de Seignosse. Pour ses dix ans, \u00e0 l&rsquo;\u00e9t\u00e9 2024, la galerie et le fonds de dotation consacr\u00e9 au peintre Serge Lab\u00e9gorre pouvaient annoncer avoir accueilli pr\u00e8s de 19 [&hellip;]<\/p>\n","protected":false},"author":1,"featured_media":11588,"parent":0,"menu_order":0,"comment_status":"closed","ping_status":"closed","template":"","meta":{"inspiro_page_layout":"narrow","inspiro_hide_title":false,"footnotes":""},"class_list":["post-208","page","type-page","status-publish","has-post-thumbnail","hentry"],"yoast_head":"<!-- This site is optimized with the Yoast SEO plugin v27.4 - https:\/\/yoast.com\/product\/yoast-seo-wordpress\/ -->\n<title>Histoire du Fonds et de la Galerie Labegorre - FONDS LABEGORRE<\/title>\n<meta name=\"description\" content=\"Le \u00ab Fonds Lab\u00e9gorre \u00bb a \u00e9t\u00e9 inaugur\u00e9 en novembre 2014 sur la commune de Seignosse.Plus de 10 ans d&#039;existence riche en histoire.\" \/>\n<meta name=\"robots\" content=\"index, follow, max-snippet:-1, max-image-preview:large, max-video-preview:-1\" \/>\n<link rel=\"canonical\" href=\"https:\/\/fondslabegorre.com\/en\/histoire-galerie\/\" \/>\n<meta property=\"og:locale\" content=\"en_GB\" \/>\n<meta property=\"og:type\" content=\"article\" \/>\n<meta property=\"og:title\" content=\"Histoire du Fonds et de la Galerie Labegorre - FONDS LABEGORRE\" \/>\n<meta property=\"og:description\" content=\"Le \u00ab Fonds Lab\u00e9gorre \u00bb a \u00e9t\u00e9 inaugur\u00e9 en novembre 2014 sur la commune de Seignosse.Plus de 10 ans d&#039;existence riche en histoire.\" \/>\n<meta property=\"og:url\" content=\"https:\/\/fondslabegorre.com\/en\/histoire-galerie\/\" \/>\n<meta property=\"og:site_name\" content=\"FONDS LABEGORRE\" \/>\n<meta property=\"article:publisher\" content=\"https:\/\/www.facebook.com\/Lab%c3%a9gorre-499811120066191\" \/>\n<meta property=\"article:modified_time\" content=\"2025-03-19T10:09:56+00:00\" \/>\n<meta property=\"og:image\" content=\"https:\/\/fondslabegorre.com\/wp-content\/uploads\/2025\/03\/DSC9586-scaled-e1742378938985.jpg\" \/>\n\t<meta property=\"og:image:width\" content=\"2250\" \/>\n\t<meta property=\"og:image:height\" content=\"950\" \/>\n\t<meta property=\"og:image:type\" content=\"image\/jpeg\" \/>\n<meta name=\"twitter:card\" content=\"summary_large_image\" \/>\n<meta name=\"twitter:site\" content=\"@labegorre\" \/>\n<meta name=\"twitter:label1\" content=\"Estimated reading time\" \/>\n\t<meta name=\"twitter:data1\" content=\"2 minutes\" \/>\n<script type=\"application\/ld+json\" class=\"yoast-schema-graph\">{\"@context\":\"https:\\\/\\\/schema.org\",\"@graph\":[{\"@type\":\"WebPage\",\"@id\":\"https:\\\/\\\/fondslabegorre.com\\\/histoire-galerie\\\/\",\"url\":\"https:\\\/\\\/fondslabegorre.com\\\/histoire-galerie\\\/\",\"name\":\"Histoire du Fonds et de la Galerie Labegorre - FONDS LABEGORRE\",\"isPartOf\":{\"@id\":\"https:\\\/\\\/fondslabegorre.com\\\/#website\"},\"primaryImageOfPage\":{\"@id\":\"https:\\\/\\\/fondslabegorre.com\\\/histoire-galerie\\\/#primaryimage\"},\"image\":{\"@id\":\"https:\\\/\\\/fondslabegorre.com\\\/histoire-galerie\\\/#primaryimage\"},\"thumbnailUrl\":\"https:\\\/\\\/i0.wp.com\\\/fondslabegorre.com\\\/wp-content\\\/uploads\\\/2025\\\/03\\\/DSC9586-scaled-e1742378938985.jpg?fit=2250%2C950&ssl=1\",\"datePublished\":\"2018-01-12T14:06:18+00:00\",\"dateModified\":\"2025-03-19T10:09:56+00:00\",\"description\":\"Le \u00ab Fonds Lab\u00e9gorre \u00bb a \u00e9t\u00e9 inaugur\u00e9 en novembre 2014 sur la commune de Seignosse.Plus de 10 ans d'existence riche en histoire.\",\"breadcrumb\":{\"@id\":\"https:\\\/\\\/fondslabegorre.com\\\/histoire-galerie\\\/#breadcrumb\"},\"inLanguage\":\"en-GB\",\"potentialAction\":[{\"@type\":\"ReadAction\",\"target\":[\"https:\\\/\\\/fondslabegorre.com\\\/histoire-galerie\\\/\"]}]},{\"@type\":\"ImageObject\",\"inLanguage\":\"en-GB\",\"@id\":\"https:\\\/\\\/fondslabegorre.com\\\/histoire-galerie\\\/#primaryimage\",\"url\":\"https:\\\/\\\/i0.wp.com\\\/fondslabegorre.com\\\/wp-content\\\/uploads\\\/2025\\\/03\\\/DSC9586-scaled-e1742378938985.jpg?fit=2250%2C950&ssl=1\",\"contentUrl\":\"https:\\\/\\\/i0.wp.com\\\/fondslabegorre.com\\\/wp-content\\\/uploads\\\/2025\\\/03\\\/DSC9586-scaled-e1742378938985.jpg?fit=2250%2C950&ssl=1\",\"width\":2250,\"height\":950},{\"@type\":\"BreadcrumbList\",\"@id\":\"https:\\\/\\\/fondslabegorre.com\\\/histoire-galerie\\\/#breadcrumb\",\"itemListElement\":[{\"@type\":\"ListItem\",\"position\":1,\"name\":\"Accueil\",\"item\":\"https:\\\/\\\/fondslabegorre.com\\\/\"},{\"@type\":\"ListItem\",\"position\":2,\"name\":\"Histoire du Fonds et de la Galerie Labegorre\"}]},{\"@type\":\"WebSite\",\"@id\":\"https:\\\/\\\/fondslabegorre.com\\\/#website\",\"url\":\"https:\\\/\\\/fondslabegorre.com\\\/\",\"name\":\"FONDS LABEGORRE\",\"description\":\"\",\"publisher\":{\"@id\":\"https:\\\/\\\/fondslabegorre.com\\\/#organization\"},\"potentialAction\":[{\"@type\":\"SearchAction\",\"target\":{\"@type\":\"EntryPoint\",\"urlTemplate\":\"https:\\\/\\\/fondslabegorre.com\\\/?s={search_term_string}\"},\"query-input\":{\"@type\":\"PropertyValueSpecification\",\"valueRequired\":true,\"valueName\":\"search_term_string\"}}],\"inLanguage\":\"en-GB\"},{\"@type\":\"Organization\",\"@id\":\"https:\\\/\\\/fondslabegorre.com\\\/#organization\",\"name\":\"FONDS LABEGORRE\",\"url\":\"https:\\\/\\\/fondslabegorre.com\\\/\",\"logo\":{\"@type\":\"ImageObject\",\"inLanguage\":\"en-GB\",\"@id\":\"https:\\\/\\\/fondslabegorre.com\\\/#\\\/schema\\\/logo\\\/image\\\/\",\"url\":\"https:\\\/\\\/i0.wp.com\\\/fondslabegorre.com\\\/wp-content\\\/uploads\\\/2025\\\/02\\\/cropped-FONDS-LABEGORRE-BLANC.png?fit=1759%2C590&ssl=1\",\"contentUrl\":\"https:\\\/\\\/i0.wp.com\\\/fondslabegorre.com\\\/wp-content\\\/uploads\\\/2025\\\/02\\\/cropped-FONDS-LABEGORRE-BLANC.png?fit=1759%2C590&ssl=1\",\"width\":1759,\"height\":590,\"caption\":\"FONDS LABEGORRE\"},\"image\":{\"@id\":\"https:\\\/\\\/fondslabegorre.com\\\/#\\\/schema\\\/logo\\\/image\\\/\"},\"sameAs\":[\"https:\\\/\\\/www.facebook.com\\\/Lab\u00e9gorre-499811120066191\",\"https:\\\/\\\/x.com\\\/labegorre\",\"https:\\\/\\\/www.youtube.com\\\/channel\\\/UCUiXgyKhO6TTYK_BWBBAvPw\"]}]}<\/script>\n<!-- \/ Yoast SEO plugin. -->","yoast_head_json":{"title":"Histoire du Fonds et de la Galerie Labegorre - FONDS LABEGORRE","description":"Le \u00ab Fonds Lab\u00e9gorre \u00bb a \u00e9t\u00e9 inaugur\u00e9 en novembre 2014 sur la commune de Seignosse.Plus de 10 ans d'existence riche en histoire.","robots":{"index":"index","follow":"follow","max-snippet":"max-snippet:-1","max-image-preview":"max-image-preview:large","max-video-preview":"max-video-preview:-1"},"canonical":"https:\/\/fondslabegorre.com\/en\/histoire-galerie\/","og_locale":"en_GB","og_type":"article","og_title":"Histoire du Fonds et de la Galerie Labegorre - FONDS LABEGORRE","og_description":"Le \u00ab Fonds Lab\u00e9gorre \u00bb a \u00e9t\u00e9 inaugur\u00e9 en novembre 2014 sur la commune de Seignosse.Plus de 10 ans d'existence riche en histoire.","og_url":"https:\/\/fondslabegorre.com\/en\/histoire-galerie\/","og_site_name":"FONDS LABEGORRE","article_publisher":"https:\/\/www.facebook.com\/Lab%c3%a9gorre-499811120066191","article_modified_time":"2025-03-19T10:09:56+00:00","og_image":[{"width":2250,"height":950,"url":"https:\/\/fondslabegorre.com\/wp-content\/uploads\/2025\/03\/DSC9586-scaled-e1742378938985.jpg","type":"image\/jpeg"}],"twitter_card":"summary_large_image","twitter_site":"@labegorre","twitter_misc":{"Estimated reading time":"2 minutes"},"schema":{"@context":"https:\/\/schema.org","@graph":[{"@type":"WebPage","@id":"https:\/\/fondslabegorre.com\/histoire-galerie\/","url":"https:\/\/fondslabegorre.com\/histoire-galerie\/","name":"Histoire du Fonds et de la Galerie Labegorre - FONDS LABEGORRE","isPartOf":{"@id":"https:\/\/fondslabegorre.com\/#website"},"primaryImageOfPage":{"@id":"https:\/\/fondslabegorre.com\/histoire-galerie\/#primaryimage"},"image":{"@id":"https:\/\/fondslabegorre.com\/histoire-galerie\/#primaryimage"},"thumbnailUrl":"https:\/\/i0.wp.com\/fondslabegorre.com\/wp-content\/uploads\/2025\/03\/DSC9586-scaled-e1742378938985.jpg?fit=2250%2C950&ssl=1","datePublished":"2018-01-12T14:06:18+00:00","dateModified":"2025-03-19T10:09:56+00:00","description":"Le \u00ab Fonds Lab\u00e9gorre \u00bb a \u00e9t\u00e9 inaugur\u00e9 en novembre 2014 sur la commune de Seignosse.Plus de 10 ans d'existence riche en histoire.","breadcrumb":{"@id":"https:\/\/fondslabegorre.com\/histoire-galerie\/#breadcrumb"},"inLanguage":"en-GB","potentialAction":[{"@type":"ReadAction","target":["https:\/\/fondslabegorre.com\/histoire-galerie\/"]}]},{"@type":"ImageObject","inLanguage":"en-GB","@id":"https:\/\/fondslabegorre.com\/histoire-galerie\/#primaryimage","url":"https:\/\/i0.wp.com\/fondslabegorre.com\/wp-content\/uploads\/2025\/03\/DSC9586-scaled-e1742378938985.jpg?fit=2250%2C950&ssl=1","contentUrl":"https:\/\/i0.wp.com\/fondslabegorre.com\/wp-content\/uploads\/2025\/03\/DSC9586-scaled-e1742378938985.jpg?fit=2250%2C950&ssl=1","width":2250,"height":950},{"@type":"BreadcrumbList","@id":"https:\/\/fondslabegorre.com\/histoire-galerie\/#breadcrumb","itemListElement":[{"@type":"ListItem","position":1,"name":"Accueil","item":"https:\/\/fondslabegorre.com\/"},{"@type":"ListItem","position":2,"name":"Histoire du Fonds et de la Galerie Labegorre"}]},{"@type":"WebSite","@id":"https:\/\/fondslabegorre.com\/#website","url":"https:\/\/fondslabegorre.com\/","name":"FONDS LABEGORRE","description":"","publisher":{"@id":"https:\/\/fondslabegorre.com\/#organization"},"potentialAction":[{"@type":"SearchAction","target":{"@type":"EntryPoint","urlTemplate":"https:\/\/fondslabegorre.com\/?s={search_term_string}"},"query-input":{"@type":"PropertyValueSpecification","valueRequired":true,"valueName":"search_term_string"}}],"inLanguage":"en-GB"},{"@type":"Organization","@id":"https:\/\/fondslabegorre.com\/#organization","name":"FONDS LABEGORRE","url":"https:\/\/fondslabegorre.com\/","logo":{"@type":"ImageObject","inLanguage":"en-GB","@id":"https:\/\/fondslabegorre.com\/#\/schema\/logo\/image\/","url":"https:\/\/i0.wp.com\/fondslabegorre.com\/wp-content\/uploads\/2025\/02\/cropped-FONDS-LABEGORRE-BLANC.png?fit=1759%2C590&ssl=1","contentUrl":"https:\/\/i0.wp.com\/fondslabegorre.com\/wp-content\/uploads\/2025\/02\/cropped-FONDS-LABEGORRE-BLANC.png?fit=1759%2C590&ssl=1","width":1759,"height":590,"caption":"FONDS LABEGORRE"},"image":{"@id":"https:\/\/fondslabegorre.com\/#\/schema\/logo\/image\/"},"sameAs":["https:\/\/www.facebook.com\/Lab\u00e9gorre-499811120066191","https:\/\/x.com\/labegorre","https:\/\/www.youtube.com\/channel\/UCUiXgyKhO6TTYK_BWBBAvPw"]}]}},"jetpack_shortlink":"https:\/\/wp.me\/P9vHSk-3m","jetpack_sharing_enabled":true,"_links":{"self":[{"href":"https:\/\/fondslabegorre.com\/en\/wp-json\/wp\/v2\/pages\/208","targetHints":{"allow":["GET"]}}],"collection":[{"href":"https:\/\/fondslabegorre.com\/en\/wp-json\/wp\/v2\/pages"}],"about":[{"href":"https:\/\/fondslabegorre.com\/en\/wp-json\/wp\/v2\/types\/page"}],"author":[{"embeddable":true,"href":"https:\/\/fondslabegorre.com\/en\/wp-json\/wp\/v2\/users\/1"}],"replies":[{"embeddable":true,"href":"https:\/\/fondslabegorre.com\/en\/wp-json\/wp\/v2\/comments?post=208"}],"version-history":[{"count":84,"href":"https:\/\/fondslabegorre.com\/en\/wp-json\/wp\/v2\/pages\/208\/revisions"}],"predecessor-version":[{"id":11694,"href":"https:\/\/fondslabegorre.com\/en\/wp-json\/wp\/v2\/pages\/208\/revisions\/11694"}],"wp:featuredmedia":[{"embeddable":true,"href":"https:\/\/fondslabegorre.com\/en\/wp-json\/wp\/v2\/media\/11588"}],"wp:attachment":[{"href":"https:\/\/fondslabegorre.com\/en\/wp-json\/wp\/v2\/media?parent=208"}],"curies":[{"name":"wp","href":"https:\/\/api.w.org\/{rel}","templated":true}]}}